{"id":1315,"date":"2025-04-28T20:53:03","date_gmt":"2025-04-28T20:53:03","guid":{"rendered":"https:\/\/rho-sigma.com\/?page_id=1315"},"modified":"2025-07-14T08:07:28","modified_gmt":"2025-07-14T08:07:28","slug":"lets-go-to-japan","status":"publish","type":"page","link":"https:\/\/rho-sigma.com\/en_us\/lets-go-to-japan\/","title":{"rendered":"Let&#8217;s Go! To Japan"},"content":{"rendered":"<div data-elementor-type=\"wp-page\" data-elementor-id=\"1315\" class=\"elementor elementor-1315\" data-elementor-post-type=\"page\">\n\t\t\t\t<div class=\"elementor-element elementor-element-c028b61 e-con-full elementor-hidden-mobile e-flex e-con e-parent\" data-id=\"c028b61\" data-element_type=\"container\" data-e-type=\"container\" data-settings=\"{&quot;background_background&quot;:&quot;classic&quot;}\">\n\t\t\t\t<div class=\"elementor-element elementor-element-890efdf elementor-widget elementor-widget-heading\" data-id=\"890efdf\" data-element_type=\"widget\" data-e-type=\"widget\" data-widget_type=\"heading.default\">\n\t\t\t\t\t<h2 class=\"elementor-heading-title elementor-size-default\">Let's Go! To Japan<\/h2>\t\t\t\t<\/div>\n\t\t\t\t<\/div>\n\t\t<div class=\"elementor-element elementor-element-28e8b4e e-con-full elementor-hidden-desktop elementor-hidden-tablet e-flex e-con e-parent\" data-id=\"28e8b4e\" data-element_type=\"container\" data-e-type=\"container\" data-settings=\"{&quot;background_background&quot;:&quot;classic&quot;}\">\n\t\t\t\t<div class=\"elementor-element elementor-element-6e0ea58 elementor-widget elementor-widget-heading\" data-id=\"6e0ea58\" data-element_type=\"widget\" data-e-type=\"widget\" data-widget_type=\"heading.default\">\n\t\t\t\t\t<h2 class=\"elementor-heading-title elementor-size-default\">Let's Go! To Japan<\/h2>\t\t\t\t<\/div>\n\t\t\t\t<\/div>\n\t\t<div class=\"elementor-element elementor-element-89b9d2f e-con-full e-flex e-con e-parent\" data-id=\"89b9d2f\" data-element_type=\"container\" data-e-type=\"container\" data-settings=\"{&quot;background_background&quot;:&quot;classic&quot;}\">\n\t\t<div class=\"elementor-element elementor-element-358e8ec e-con-full e-flex e-con e-child\" data-id=\"358e8ec\" data-element_type=\"container\" data-e-type=\"container\">\n\t\t\t\t<div class=\"elementor-element elementor-element-c1ded25 elementor-widget elementor-widget-heading\" data-id=\"c1ded25\" data-element_type=\"widget\" data-e-type=\"widget\" data-widget_type=\"heading.default\">\n\t\t\t\t\t<h2 class=\"elementor-heading-title elementor-size-default\">Nuestro objetivo<\/h2>\t\t\t\t<\/div>\n\t\t\t\t<\/div>\n\t\t<div class=\"elementor-element elementor-element-bcbcac0 e-con-full e-flex e-con e-child\" data-id=\"bcbcac0\" data-element_type=\"container\" data-e-type=\"container\">\n\t\t\t\t<div class=\"elementor-element elementor-element-a54ad28 elementor-widget elementor-widget-text-editor\" data-id=\"a54ad28\" data-element_type=\"widget\" data-e-type=\"widget\" data-widget_type=\"text-editor.default\">\n\t\t\t\t\t\t\t\t\t<p>El objetivo de la campa\u00f1a de lanzamiento de Let\u2019s Go to Japan en Kickstarter fue lograr la conexi\u00f3n emocional con los amantes de los juegos de mesa al ofrecer una experiencia inmersiva que reflejara la riqueza cultural de Jap\u00f3n.<\/p><p>En esta campa\u00f1a, <strong>Rho Sigma<\/strong> desempe\u00f1\u00f3 un papel fundamental al dise\u00f1ar la estrategia y las piezas visuales que capturaron la esencia del juego, logrando comunicar su propuesta de valor de manera atractiva y efectiva. Gracias a este trabajo integral, la campa\u00f1a alcanz\u00f3 sus metas de financiaci\u00f3n, destacando por su creatividad y enfoque estrat\u00e9gico.<\/p>\t\t\t\t\t\t\t\t<\/div>\n\t\t\t\t<\/div>\n\t\t\t\t<\/div>\n\t\t<div class=\"elementor-element elementor-element-79ea39d e-con-full elementor-hidden-mobile e-flex e-con e-parent\" data-id=\"79ea39d\" data-element_type=\"container\" data-e-type=\"container\" data-settings=\"{&quot;background_background&quot;:&quot;classic&quot;}\">\n\t\t\t\t<div class=\"elementor-element elementor-element-127d147 elementor-widget__width-inherit elementor-widget elementor-widget-video\" data-id=\"127d147\" data-element_type=\"widget\" data-e-type=\"widget\" data-settings=\"{&quot;youtube_url&quot;:&quot;https:\\\/\\\/youtu.be\\\/ZhM_ygM_5lI&quot;,&quot;autoplay&quot;:&quot;yes&quot;,&quot;play_on_mobile&quot;:&quot;yes&quot;,&quot;mute&quot;:&quot;yes&quot;,&quot;loop&quot;:&quot;yes&quot;,&quot;lazy_load&quot;:&quot;yes&quot;,&quot;video_type&quot;:&quot;youtube&quot;,&quot;controls&quot;:&quot;yes&quot;}\" data-widget_type=\"video.default\">\n\t\t\t\t\t\t\t<div class=\"elementor-wrapper elementor-open-inline\">\n\t\t\t<div class=\"elementor-video\"><\/div>\t\t<\/div>\n\t\t\t\t\t\t<\/div>\n\t\t\t\t<\/div>\n\t\t<div class=\"elementor-element elementor-element-7580a62 e-con-full elementor-hidden-desktop elementor-hidden-tablet e-flex e-con e-parent\" data-id=\"7580a62\" data-element_type=\"container\" data-e-type=\"container\" data-settings=\"{&quot;background_background&quot;:&quot;classic&quot;}\">\n\t\t\t\t<div class=\"elementor-element elementor-element-8d19e86 elementor-widget__width-inherit elementor-widget elementor-widget-video\" data-id=\"8d19e86\" data-element_type=\"widget\" data-e-type=\"widget\" data-settings=\"{&quot;youtube_url&quot;:&quot;https:\\\/\\\/youtu.be\\\/ZhM_ygM_5lI&quot;,&quot;autoplay&quot;:&quot;yes&quot;,&quot;play_on_mobile&quot;:&quot;yes&quot;,&quot;mute&quot;:&quot;yes&quot;,&quot;loop&quot;:&quot;yes&quot;,&quot;lazy_load&quot;:&quot;yes&quot;,&quot;video_type&quot;:&quot;youtube&quot;,&quot;controls&quot;:&quot;yes&quot;}\" data-widget_type=\"video.default\">\n\t\t\t\t\t\t\t<div class=\"elementor-wrapper elementor-open-inline\">\n\t\t\t<div class=\"elementor-video\"><\/div>\t\t<\/div>\n\t\t\t\t\t\t<\/div>\n\t\t\t\t<\/div>\n\t\t<div class=\"elementor-element elementor-element-2e345f3 e-con-full elementor-hidden-mobile e-flex e-con e-parent\" data-id=\"2e345f3\" data-element_type=\"container\" data-e-type=\"container\" data-settings=\"{&quot;background_background&quot;:&quot;classic&quot;}\">\n\t\t\t\t<div class=\"elementor-element elementor-element-c619b00 elementor-widget elementor-widget-image\" data-id=\"c619b00\" data-element_type=\"widget\" data-e-type=\"widget\" data-widget_type=\"image.default\">\n\t\t\t\t\t\t\t\t\t\t\t\t\t\t\t<img fetchpriority=\"high\" decoding=\"async\" width=\"2560\" height=\"1280\" src=\"https:\/\/rho-sigma.com\/wp-content\/uploads\/2025\/04\/LGTJ_FILTRO-scaled.png\" class=\"attachment-full size-full wp-image-1322\" alt=\"\" srcset=\"https:\/\/rho-sigma.com\/wp-content\/uploads\/2025\/04\/LGTJ_FILTRO-scaled.png 2560w, https:\/\/rho-sigma.com\/wp-content\/uploads\/2025\/04\/LGTJ_FILTRO-300x150.png 300w, https:\/\/rho-sigma.com\/wp-content\/uploads\/2025\/04\/LGTJ_FILTRO-1024x512.png 1024w, https:\/\/rho-sigma.com\/wp-content\/uploads\/2025\/04\/LGTJ_FILTRO-768x384.png 768w, https:\/\/rho-sigma.com\/wp-content\/uploads\/2025\/04\/LGTJ_FILTRO-1536x768.png 1536w, https:\/\/rho-sigma.com\/wp-content\/uploads\/2025\/04\/LGTJ_FILTRO-2048x1024.png 2048w, https:\/\/rho-sigma.com\/wp-content\/uploads\/2025\/04\/LGTJ_FILTRO-18x9.png 18w\" sizes=\"(max-width: 2560px) 100vw, 2560px\" \/>\t\t\t\t\t\t\t\t\t\t\t\t\t\t\t<\/div>\n\t\t\t\t<\/div>\n\t\t<div class=\"elementor-element elementor-element-0c51608 e-con-full elementor-hidden-desktop elementor-hidden-tablet e-flex e-con e-parent\" data-id=\"0c51608\" data-element_type=\"container\" data-e-type=\"container\" data-settings=\"{&quot;background_background&quot;:&quot;classic&quot;}\">\n\t\t\t\t<div class=\"elementor-element elementor-element-b1215b1 elementor-widget elementor-widget-image\" data-id=\"b1215b1\" data-element_type=\"widget\" data-e-type=\"widget\" data-widget_type=\"image.default\">\n\t\t\t\t\t\t\t\t\t\t\t\t\t\t\t<img fetchpriority=\"high\" decoding=\"async\" width=\"2560\" height=\"1280\" src=\"https:\/\/rho-sigma.com\/wp-content\/uploads\/2025\/04\/LGTJ_FILTRO-scaled.png\" class=\"attachment-full size-full wp-image-1322\" alt=\"\" srcset=\"https:\/\/rho-sigma.com\/wp-content\/uploads\/2025\/04\/LGTJ_FILTRO-scaled.png 2560w, https:\/\/rho-sigma.com\/wp-content\/uploads\/2025\/04\/LGTJ_FILTRO-300x150.png 300w, https:\/\/rho-sigma.com\/wp-content\/uploads\/2025\/04\/LGTJ_FILTRO-1024x512.png 1024w, https:\/\/rho-sigma.com\/wp-content\/uploads\/2025\/04\/LGTJ_FILTRO-768x384.png 768w, https:\/\/rho-sigma.com\/wp-content\/uploads\/2025\/04\/LGTJ_FILTRO-1536x768.png 1536w, https:\/\/rho-sigma.com\/wp-content\/uploads\/2025\/04\/LGTJ_FILTRO-2048x1024.png 2048w, https:\/\/rho-sigma.com\/wp-content\/uploads\/2025\/04\/LGTJ_FILTRO-18x9.png 18w\" sizes=\"(max-width: 2560px) 100vw, 2560px\" \/>\t\t\t\t\t\t\t\t\t\t\t\t\t\t\t<\/div>\n\t\t\t\t<\/div>\n\t\t<div class=\"elementor-element elementor-element-465a290 e-con-full e-flex e-con e-parent\" data-id=\"465a290\" data-element_type=\"container\" data-e-type=\"container\" data-settings=\"{&quot;background_background&quot;:&quot;classic&quot;}\">\n\t\t\t\t<div class=\"elementor-element elementor-element-1f3041c elementor-skin-carousel elementor-arrows-yes elementor-pagination-type-bullets elementor-pagination-position-outside elementor-widget elementor-widget-media-carousel\" data-id=\"1f3041c\" data-element_type=\"widget\" data-e-type=\"widget\" data-settings=\"{&quot;slides_per_view&quot;:&quot;3&quot;,&quot;lazyload&quot;:&quot;yes&quot;,&quot;skin&quot;:&quot;carousel&quot;,&quot;effect&quot;:&quot;slide&quot;,&quot;show_arrows&quot;:&quot;yes&quot;,&quot;pagination&quot;:&quot;bullets&quot;,&quot;speed&quot;:500,&quot;autoplay&quot;:&quot;yes&quot;,&quot;autoplay_speed&quot;:5000,&quot;loop&quot;:&quot;yes&quot;,&quot;pause_on_hover&quot;:&quot;yes&quot;,&quot;pause_on_interaction&quot;:&quot;yes&quot;,&quot;space_between&quot;:{&quot;unit&quot;:&quot;px&quot;,&quot;size&quot;:10,&quot;sizes&quot;:[]},&quot;space_between_tablet&quot;:{&quot;unit&quot;:&quot;px&quot;,&quot;size&quot;:10,&quot;sizes&quot;:[]},&quot;space_between_mobile&quot;:{&quot;unit&quot;:&quot;px&quot;,&quot;size&quot;:10,&quot;sizes&quot;:[]}}\" data-widget_type=\"media-carousel.default\">\n\t\t\t\t\t\t\t\t\t\t<div class=\"elementor-main-swiper swiper\" role=\"region\" aria-roledescription=\"carousel\" aria-label=\"Slides\">\n\t\t\t\t<div class=\"swiper-wrapper\">\n\t\t\t\t\t\t\t\t\t\t\t<div class=\"swiper-slide\" role=\"group\" aria-roledescription=\"slide\">\n\t\t\t\t\t\t\t\t\t<div class=\"elementor-carousel-image swiper-lazy\" role=\"img\" aria-label=\"_MG_0153-Edit\" data-background=\"https:\/\/rho-sigma.com\/wp-content\/uploads\/2025\/04\/MG_0153-Edit.jpg\">\n\n\t\t\t\t\t\t\t<div class=\"swiper-lazy-preloader\"><\/div>\n\t\t\t\n\t\t\t\t\t<\/div>\n\t\t\t\t\t\t\t\t<\/div>\n\t\t\t\t\t\t\t\t\t\t\t<div class=\"swiper-slide\" role=\"group\" aria-roledescription=\"slide\">\n\t\t\t\t\t\t\t\t\t<div class=\"elementor-carousel-image swiper-lazy\" role=\"img\" aria-label=\"_HEL0119\" data-background=\"https:\/\/rho-sigma.com\/wp-content\/uploads\/2025\/04\/HEL0119.jpg\">\n\n\t\t\t\t\t\t\t<div class=\"swiper-lazy-preloader\"><\/div>\n\t\t\t\n\t\t\t\t\t<\/div>\n\t\t\t\t\t\t\t\t<\/div>\n\t\t\t\t\t\t\t\t\t\t\t<div class=\"swiper-slide\" role=\"group\" aria-roledescription=\"slide\">\n\t\t\t\t\t\t\t\t\t<div class=\"elementor-carousel-image swiper-lazy\" role=\"img\" aria-label=\"_MG_0029\" data-background=\"https:\/\/rho-sigma.com\/wp-content\/uploads\/2025\/04\/MG_0029.jpg\">\n\n\t\t\t\t\t\t\t<div class=\"swiper-lazy-preloader\"><\/div>\n\t\t\t\n\t\t\t\t\t<\/div>\n\t\t\t\t\t\t\t\t<\/div>\n\t\t\t\t\t\t\t\t\t\t\t<div class=\"swiper-slide\" role=\"group\" aria-roledescription=\"slide\">\n\t\t\t\t\t\t\t\t\t<div class=\"elementor-carousel-image swiper-lazy\" role=\"img\" aria-label=\"1c\" data-background=\"https:\/\/rho-sigma.com\/wp-content\/uploads\/2025\/04\/1c.jpg\">\n\n\t\t\t\t\t\t\t<div class=\"swiper-lazy-preloader\"><\/div>\n\t\t\t\n\t\t\t\t\t<\/div>\n\t\t\t\t\t\t\t\t<\/div>\n\t\t\t\t\t\t\t\t\t\t\t<div class=\"swiper-slide\" role=\"group\" aria-roledescription=\"slide\">\n\t\t\t\t\t\t\t\t\t<div class=\"elementor-carousel-image swiper-lazy\" role=\"img\" aria-label=\"1b\" data-background=\"https:\/\/rho-sigma.com\/wp-content\/uploads\/2025\/04\/1b.jpg\">\n\n\t\t\t\t\t\t\t<div class=\"swiper-lazy-preloader\"><\/div>\n\t\t\t\n\t\t\t\t\t<\/div>\n\t\t\t\t\t\t\t\t<\/div>\n\t\t\t\t\t\t\t\t\t\t\t<div class=\"swiper-slide\" role=\"group\" aria-roledescription=\"slide\">\n\t\t\t\t\t\t\t\t\t<div class=\"elementor-carousel-image swiper-lazy\" role=\"img\" aria-label=\"1a\" data-background=\"https:\/\/rho-sigma.com\/wp-content\/uploads\/2025\/04\/1a.jpg\">\n\n\t\t\t\t\t\t\t<div class=\"swiper-lazy-preloader\"><\/div>\n\t\t\t\n\t\t\t\t\t<\/div>\n\t\t\t\t\t\t\t\t<\/div>\n\t\t\t\t\t\t\t\t\t\t\t<div class=\"swiper-slide\" role=\"group\" aria-roledescription=\"slide\">\n\t\t\t\t\t\t\t\t\t<div class=\"elementor-carousel-image swiper-lazy\" role=\"img\" aria-label=\"_MG_0065\" data-background=\"https:\/\/rho-sigma.com\/wp-content\/uploads\/2025\/04\/MG_0065.jpg\">\n\n\t\t\t\t\t\t\t<div class=\"swiper-lazy-preloader\"><\/div>\n\t\t\t\n\t\t\t\t\t<\/div>\n\t\t\t\t\t\t\t\t<\/div>\n\t\t\t\t\t\t\t\t\t\t\t<div class=\"swiper-slide\" role=\"group\" aria-roledescription=\"slide\">\n\t\t\t\t\t\t\t\t\t<div class=\"elementor-carousel-image swiper-lazy\" role=\"img\" aria-label=\"_MG_0039\" data-background=\"https:\/\/rho-sigma.com\/wp-content\/uploads\/2025\/04\/MG_0039.jpg\">\n\n\t\t\t\t\t\t\t<div class=\"swiper-lazy-preloader\"><\/div>\n\t\t\t\n\t\t\t\t\t<\/div>\n\t\t\t\t\t\t\t\t<\/div>\n\t\t\t\t\t\t\t\t\t\t\t<div class=\"swiper-slide\" role=\"group\" aria-roledescription=\"slide\">\n\t\t\t\t\t\t\t\t\t<div class=\"elementor-carousel-image swiper-lazy\" role=\"img\" aria-label=\"_HEL0094\" data-background=\"https:\/\/rho-sigma.com\/wp-content\/uploads\/2025\/04\/HEL0094.jpg\">\n\n\t\t\t\t\t\t\t<div class=\"swiper-lazy-preloader\"><\/div>\n\t\t\t\n\t\t\t\t\t<\/div>\n\t\t\t\t\t\t\t\t<\/div>\n\t\t\t\t\t\t\t\t\t\t\t<div class=\"swiper-slide\" role=\"group\" aria-roledescription=\"slide\">\n\t\t\t\t\t\t\t\t\t<div class=\"elementor-carousel-image swiper-lazy\" role=\"img\" aria-label=\"1e\" data-background=\"https:\/\/rho-sigma.com\/wp-content\/uploads\/2025\/04\/1e.jpg\">\n\n\t\t\t\t\t\t\t<div class=\"swiper-lazy-preloader\"><\/div>\n\t\t\t\n\t\t\t\t\t<\/div>\n\t\t\t\t\t\t\t\t<\/div>\n\t\t\t\t\t\t\t\t\t<\/div>\n\t\t\t\t\t\t\t\t\t\t\t\t\t\t\t<div class=\"elementor-swiper-button elementor-swiper-button-prev\" role=\"button\" tabindex=\"0\" aria-label=\"Previous\">\n\t\t\t\t\t\t\t<i aria-hidden=\"true\" class=\"eicon-chevron-left\"><\/i>\t\t\t\t\t\t<\/div>\n\t\t\t\t\t\t<div class=\"elementor-swiper-button elementor-swiper-button-next\" role=\"button\" tabindex=\"0\" aria-label=\"Next\">\n\t\t\t\t\t\t\t<i aria-hidden=\"true\" class=\"eicon-chevron-right\"><\/i>\t\t\t\t\t\t<\/div>\n\t\t\t\t\t\t\t\t\t\t\t\t\t\t\t\t<div class=\"swiper-pagination\"><\/div>\n\t\t\t\t\t\t\t\t\t\t\t\t<\/div>\n\t\t\t\t\t\t\t\t<\/div>\n\t\t\t\t<div class=\"elementor-element elementor-element-05d806d elementor-widget elementor-widget-image\" data-id=\"05d806d\" data-element_type=\"widget\" data-e-type=\"widget\" data-widget_type=\"image.default\">\n\t\t\t\t\t\t\t\t\t\t\t\t\t\t\t<img decoding=\"async\" width=\"1340\" height=\"600\" src=\"https:\/\/rho-sigma.com\/wp-content\/uploads\/2025\/04\/LGTJ_MOVIE-POSTERS.png\" class=\"attachment-full size-full wp-image-1334\" alt=\"\" srcset=\"https:\/\/rho-sigma.com\/wp-content\/uploads\/2025\/04\/LGTJ_MOVIE-POSTERS.png 1340w, https:\/\/rho-sigma.com\/wp-content\/uploads\/2025\/04\/LGTJ_MOVIE-POSTERS-300x134.png 300w, https:\/\/rho-sigma.com\/wp-content\/uploads\/2025\/04\/LGTJ_MOVIE-POSTERS-1024x459.png 1024w, https:\/\/rho-sigma.com\/wp-content\/uploads\/2025\/04\/LGTJ_MOVIE-POSTERS-768x344.png 768w, https:\/\/rho-sigma.com\/wp-content\/uploads\/2025\/04\/LGTJ_MOVIE-POSTERS-18x8.png 18w\" sizes=\"(max-width: 1340px) 100vw, 1340px\" \/>\t\t\t\t\t\t\t\t\t\t\t\t\t\t\t<\/div>\n\t\t\t\t<div class=\"elementor-element elementor-element-52e6288 elementor-widget elementor-widget-image\" data-id=\"52e6288\" data-element_type=\"widget\" data-e-type=\"widget\" data-widget_type=\"image.default\">\n\t\t\t\t\t\t\t\t\t\t\t\t\t\t\t<img decoding=\"async\" width=\"1340\" height=\"600\" src=\"https:\/\/rho-sigma.com\/wp-content\/uploads\/2025\/04\/LGTJ_POSTCARDS.png\" class=\"attachment-full size-full wp-image-1335\" alt=\"\" srcset=\"https:\/\/rho-sigma.com\/wp-content\/uploads\/2025\/04\/LGTJ_POSTCARDS.png 1340w, https:\/\/rho-sigma.com\/wp-content\/uploads\/2025\/04\/LGTJ_POSTCARDS-300x134.png 300w, https:\/\/rho-sigma.com\/wp-content\/uploads\/2025\/04\/LGTJ_POSTCARDS-1024x459.png 1024w, https:\/\/rho-sigma.com\/wp-content\/uploads\/2025\/04\/LGTJ_POSTCARDS-768x344.png 768w, https:\/\/rho-sigma.com\/wp-content\/uploads\/2025\/04\/LGTJ_POSTCARDS-18x8.png 18w\" sizes=\"(max-width: 1340px) 100vw, 1340px\" \/>\t\t\t\t\t\t\t\t\t\t\t\t\t\t\t<\/div>\n\t\t\t\t<div class=\"elementor-element elementor-element-6b09a00 elementor-widget elementor-widget-image\" data-id=\"6b09a00\" data-element_type=\"widget\" data-e-type=\"widget\" data-widget_type=\"image.default\">\n\t\t\t\t\t\t\t\t\t\t\t\t\t\t\t<img loading=\"lazy\" decoding=\"async\" width=\"1920\" height=\"1080\" src=\"https:\/\/rho-sigma.com\/wp-content\/uploads\/2025\/04\/LGTJ_WEBSITE-1.png\" class=\"attachment-full size-full wp-image-1337\" alt=\"\" srcset=\"https:\/\/rho-sigma.com\/wp-content\/uploads\/2025\/04\/LGTJ_WEBSITE-1.png 1920w, https:\/\/rho-sigma.com\/wp-content\/uploads\/2025\/04\/LGTJ_WEBSITE-1-300x169.png 300w, https:\/\/rho-sigma.com\/wp-content\/uploads\/2025\/04\/LGTJ_WEBSITE-1-1024x576.png 1024w, https:\/\/rho-sigma.com\/wp-content\/uploads\/2025\/04\/LGTJ_WEBSITE-1-768x432.png 768w, https:\/\/rho-sigma.com\/wp-content\/uploads\/2025\/04\/LGTJ_WEBSITE-1-1536x864.png 1536w, https:\/\/rho-sigma.com\/wp-content\/uploads\/2025\/04\/LGTJ_WEBSITE-1-18x10.png 18w\" sizes=\"(max-width: 1920px) 100vw, 1920px\" \/>\t\t\t\t\t\t\t\t\t\t\t\t\t\t\t<\/div>\n\t\t\t\t<div class=\"elementor-element elementor-element-a2cb62b elementor-align-center elementor-widget elementor-widget-button\" data-id=\"a2cb62b\" data-element_type=\"widget\" data-e-type=\"widget\" data-widget_type=\"button.default\">\n\t\t\t\t\t\t\t\t\t\t<a class=\"elementor-button elementor-button-link elementor-size-sm\" href=\"https:\/\/rho-sigma.com\/en_us\/portafolio\/\">\n\t\t\t\t\t\t<span class=\"elementor-button-content-wrapper\">\n\t\t\t\t\t\t\t\t\t<span class=\"elementor-button-text\">Back to Portfolio<\/span>\n\t\t\t\t\t<\/span>\n\t\t\t\t\t<\/a>\n\t\t\t\t\t\t\t\t<\/div>\n\t\t\t\t<\/div>\n\t\t\t\t<\/div>","protected":false},"excerpt":{"rendered":"<p>Conoce nuestro proyecto en conjunto con Alderac Entertainment Group, para el juego de mesa de Let\u2019s Go! To Japan.<\/p>","protected":false},"author":5,"featured_media":1264,"parent":0,"menu_order":0,"comment_status":"closed","ping_status":"closed","template":"","meta":{"nf_dc_page":"","footnotes":""},"class_list":["post-1315","page","type-page","status-publish","has-post-thumbnail","hentry"],"_links":{"self":[{"href":"https:\/\/rho-sigma.com\/en_us\/wp-json\/wp\/v2\/pages\/1315","targetHints":{"allow":["GET"]}}],"collection":[{"href":"https:\/\/rho-sigma.com\/en_us\/wp-json\/wp\/v2\/pages"}],"about":[{"href":"https:\/\/rho-sigma.com\/en_us\/wp-json\/wp\/v2\/types\/page"}],"author":[{"embeddable":true,"href":"https:\/\/rho-sigma.com\/en_us\/wp-json\/wp\/v2\/users\/5"}],"replies":[{"embeddable":true,"href":"https:\/\/rho-sigma.com\/en_us\/wp-json\/wp\/v2\/comments?post=1315"}],"version-history":[{"count":28,"href":"https:\/\/rho-sigma.com\/en_us\/wp-json\/wp\/v2\/pages\/1315\/revisions"}],"predecessor-version":[{"id":1817,"href":"https:\/\/rho-sigma.com\/en_us\/wp-json\/wp\/v2\/pages\/1315\/revisions\/1817"}],"wp:featuredmedia":[{"embeddable":true,"href":"https:\/\/rho-sigma.com\/en_us\/wp-json\/wp\/v2\/media\/1264"}],"wp:attachment":[{"href":"https:\/\/rho-sigma.com\/en_us\/wp-json\/wp\/v2\/media?parent=1315"}],"curies":[{"name":"wp","href":"https:\/\/api.w.org\/{rel}","templated":true}]}}