{"id":1367,"date":"2025-05-14T04:07:54","date_gmt":"2025-05-14T04:07:54","guid":{"rendered":"https:\/\/rho-sigma.com\/?page_id=1367"},"modified":"2025-07-14T08:15:59","modified_gmt":"2025-07-14T08:15:59","slug":"undergrove","status":"publish","type":"page","link":"https:\/\/rho-sigma.com\/en_us\/undergrove\/","title":{"rendered":"Undergrove"},"content":{"rendered":"<div data-elementor-type=\"wp-page\" data-elementor-id=\"1367\" class=\"elementor elementor-1367\" data-elementor-post-type=\"page\">\n\t\t\t\t<div class=\"elementor-element elementor-element-c028b61 e-con-full elementor-hidden-mobile e-flex e-con e-parent\" data-id=\"c028b61\" data-element_type=\"container\" data-e-type=\"container\" data-settings=\"{&quot;background_background&quot;:&quot;classic&quot;}\">\n\t\t\t\t<div class=\"elementor-element elementor-element-890efdf elementor-widget elementor-widget-heading\" data-id=\"890efdf\" data-element_type=\"widget\" data-e-type=\"widget\" data-widget_type=\"heading.default\">\n\t\t\t\t\t<h2 class=\"elementor-heading-title elementor-size-default\">UNDERGROVE<\/h2>\t\t\t\t<\/div>\n\t\t\t\t<\/div>\n\t\t<div class=\"elementor-element elementor-element-3cd8e26 e-con-full elementor-hidden-desktop elementor-hidden-tablet e-flex e-con e-parent\" data-id=\"3cd8e26\" data-element_type=\"container\" data-e-type=\"container\" data-settings=\"{&quot;background_background&quot;:&quot;classic&quot;}\">\n\t\t\t\t<div class=\"elementor-element elementor-element-aeb0e76 elementor-widget elementor-widget-heading\" data-id=\"aeb0e76\" data-element_type=\"widget\" data-e-type=\"widget\" data-widget_type=\"heading.default\">\n\t\t\t\t\t<h2 class=\"elementor-heading-title elementor-size-default\">UNDERGROVE<\/h2>\t\t\t\t<\/div>\n\t\t\t\t<\/div>\n\t\t<div class=\"elementor-element elementor-element-89b9d2f e-con-full e-flex e-con e-parent\" data-id=\"89b9d2f\" data-element_type=\"container\" data-e-type=\"container\" data-settings=\"{&quot;background_background&quot;:&quot;classic&quot;}\">\n\t\t<div class=\"elementor-element elementor-element-358e8ec e-con-full e-flex e-con e-child\" data-id=\"358e8ec\" data-element_type=\"container\" data-e-type=\"container\">\n\t\t\t\t<div class=\"elementor-element elementor-element-c1ded25 elementor-widget elementor-widget-heading\" data-id=\"c1ded25\" data-element_type=\"widget\" data-e-type=\"widget\" data-widget_type=\"heading.default\">\n\t\t\t\t\t<h2 class=\"elementor-heading-title elementor-size-default\">Nuestro objetivo<\/h2>\t\t\t\t<\/div>\n\t\t\t\t<\/div>\n\t\t<div class=\"elementor-element elementor-element-bcbcac0 e-con-full e-flex e-con e-child\" data-id=\"bcbcac0\" data-element_type=\"container\" data-e-type=\"container\">\n\t\t\t\t<div class=\"elementor-element elementor-element-a54ad28 elementor-widget elementor-widget-text-editor\" data-id=\"a54ad28\" data-element_type=\"widget\" data-e-type=\"widget\" data-widget_type=\"text-editor.default\">\n\t\t\t\t\t\t\t\t\t<p>El objetivo de la campa\u00f1a de lanzamiento de Undergrove en Kickstarter fue lograr la conexi\u00f3n emocional con la naturaleza, as\u00ed como con los amantes del senderismo y las ciencias, al ofrecer una experiencia que refleje las maravillas del exterior en la comodidad de tu mesa.<\/p><p>En <strong>Rho Sigma<\/strong> iniciamos con conocer el prototipo del juego para entender su esencia y as\u00ed reflejarlo en forma de campa\u00f1a interactiva en redes sociales, logrando comunicar su propuesta de valor de manera atractiva y efectiva. Gracias a este trabajo integral, la campa\u00f1a de Kickstarter alcanz\u00f3 sus metas, superando los 10,000 patrocinadores.<\/p>\t\t\t\t\t\t\t\t<\/div>\n\t\t\t\t<\/div>\n\t\t\t\t<\/div>\n\t\t<div class=\"elementor-element elementor-element-2e345f3 e-con-full e-flex e-con e-parent\" data-id=\"2e345f3\" data-element_type=\"container\" data-e-type=\"container\" data-settings=\"{&quot;background_background&quot;:&quot;classic&quot;}\">\n\t\t\t\t<div class=\"elementor-element elementor-element-c619b00 elementor-widget elementor-widget-image\" data-id=\"c619b00\" data-element_type=\"widget\" data-e-type=\"widget\" data-widget_type=\"image.default\">\n\t\t\t\t\t\t\t\t\t\t\t\t\t\t\t<img fetchpriority=\"high\" decoding=\"async\" width=\"1920\" height=\"440\" src=\"https:\/\/rho-sigma.com\/wp-content\/uploads\/2025\/05\/RHO-SIGMA_UND_01.jpg\" class=\"attachment-full size-full wp-image-1496\" alt=\"\" srcset=\"https:\/\/rho-sigma.com\/wp-content\/uploads\/2025\/05\/RHO-SIGMA_UND_01.jpg 1920w, https:\/\/rho-sigma.com\/wp-content\/uploads\/2025\/05\/RHO-SIGMA_UND_01-300x69.jpg 300w, https:\/\/rho-sigma.com\/wp-content\/uploads\/2025\/05\/RHO-SIGMA_UND_01-1024x235.jpg 1024w, https:\/\/rho-sigma.com\/wp-content\/uploads\/2025\/05\/RHO-SIGMA_UND_01-768x176.jpg 768w, https:\/\/rho-sigma.com\/wp-content\/uploads\/2025\/05\/RHO-SIGMA_UND_01-1536x352.jpg 1536w, https:\/\/rho-sigma.com\/wp-content\/uploads\/2025\/05\/RHO-SIGMA_UND_01-18x4.jpg 18w\" sizes=\"(max-width: 1920px) 100vw, 1920px\" \/>\t\t\t\t\t\t\t\t\t\t\t\t\t\t\t<\/div>\n\t\t\t\t<div class=\"elementor-element elementor-element-7afb889 elementor-widget elementor-widget-image\" data-id=\"7afb889\" data-element_type=\"widget\" data-e-type=\"widget\" data-widget_type=\"image.default\">\n\t\t\t\t\t\t\t\t\t\t\t\t\t\t\t<img decoding=\"async\" width=\"1920\" height=\"1080\" src=\"https:\/\/rho-sigma.com\/wp-content\/uploads\/2025\/05\/RHO-SIGMA_UND_02.png\" class=\"attachment-full size-full wp-image-1511\" alt=\"\" srcset=\"https:\/\/rho-sigma.com\/wp-content\/uploads\/2025\/05\/RHO-SIGMA_UND_02.png 1920w, https:\/\/rho-sigma.com\/wp-content\/uploads\/2025\/05\/RHO-SIGMA_UND_02-300x169.png 300w, https:\/\/rho-sigma.com\/wp-content\/uploads\/2025\/05\/RHO-SIGMA_UND_02-1024x576.png 1024w, https:\/\/rho-sigma.com\/wp-content\/uploads\/2025\/05\/RHO-SIGMA_UND_02-768x432.png 768w, https:\/\/rho-sigma.com\/wp-content\/uploads\/2025\/05\/RHO-SIGMA_UND_02-1536x864.png 1536w, https:\/\/rho-sigma.com\/wp-content\/uploads\/2025\/05\/RHO-SIGMA_UND_02-18x10.png 18w\" sizes=\"(max-width: 1920px) 100vw, 1920px\" \/>\t\t\t\t\t\t\t\t\t\t\t\t\t\t\t<\/div>\n\t\t\t\t<div class=\"elementor-element elementor-element-5777d63 elementor-widget elementor-widget-video\" data-id=\"5777d63\" data-element_type=\"widget\" data-e-type=\"widget\" data-settings=\"{&quot;youtube_url&quot;:&quot;https:\\\/\\\/youtu.be\\\/l6fyZX_BElg&quot;,&quot;loop&quot;:&quot;yes&quot;,&quot;video_type&quot;:&quot;youtube&quot;,&quot;controls&quot;:&quot;yes&quot;}\" data-widget_type=\"video.default\">\n\t\t\t\t\t\t\t<div class=\"elementor-wrapper elementor-open-inline\">\n\t\t\t<div class=\"elementor-video\"><\/div>\t\t<\/div>\n\t\t\t\t\t\t<\/div>\n\t\t\t\t<div class=\"elementor-element elementor-element-5426569 elementor-widget elementor-widget-image\" data-id=\"5426569\" data-element_type=\"widget\" data-e-type=\"widget\" data-widget_type=\"image.default\">\n\t\t\t\t\t\t\t\t\t\t\t\t\t\t\t<img decoding=\"async\" width=\"1920\" height=\"1080\" src=\"https:\/\/rho-sigma.com\/wp-content\/uploads\/2025\/05\/RHO-SIGMA_UND_04.jpg\" class=\"attachment-full size-full wp-image-1498\" alt=\"\" srcset=\"https:\/\/rho-sigma.com\/wp-content\/uploads\/2025\/05\/RHO-SIGMA_UND_04.jpg 1920w, https:\/\/rho-sigma.com\/wp-content\/uploads\/2025\/05\/RHO-SIGMA_UND_04-300x169.jpg 300w, https:\/\/rho-sigma.com\/wp-content\/uploads\/2025\/05\/RHO-SIGMA_UND_04-1024x576.jpg 1024w, https:\/\/rho-sigma.com\/wp-content\/uploads\/2025\/05\/RHO-SIGMA_UND_04-768x432.jpg 768w, https:\/\/rho-sigma.com\/wp-content\/uploads\/2025\/05\/RHO-SIGMA_UND_04-1536x864.jpg 1536w, https:\/\/rho-sigma.com\/wp-content\/uploads\/2025\/05\/RHO-SIGMA_UND_04-18x10.jpg 18w\" sizes=\"(max-width: 1920px) 100vw, 1920px\" \/>\t\t\t\t\t\t\t\t\t\t\t\t\t\t\t<\/div>\n\t\t\t\t<div class=\"elementor-element elementor-element-d28a2dc elementor-widget elementor-widget-video\" data-id=\"d28a2dc\" data-element_type=\"widget\" data-e-type=\"widget\" data-settings=\"{&quot;youtube_url&quot;:&quot;https:\\\/\\\/youtu.be\\\/xmBUXWwyf2s&quot;,&quot;loop&quot;:&quot;yes&quot;,&quot;video_type&quot;:&quot;youtube&quot;,&quot;controls&quot;:&quot;yes&quot;}\" data-widget_type=\"video.default\">\n\t\t\t\t\t\t\t<div class=\"elementor-wrapper elementor-open-inline\">\n\t\t\t<div class=\"elementor-video\"><\/div>\t\t<\/div>\n\t\t\t\t\t\t<\/div>\n\t\t\t\t<div class=\"elementor-element elementor-element-6f67184 elementor-widget elementor-widget-image\" data-id=\"6f67184\" data-element_type=\"widget\" data-e-type=\"widget\" data-widget_type=\"image.default\">\n\t\t\t\t\t\t\t\t\t\t\t\t\t\t\t<img loading=\"lazy\" decoding=\"async\" width=\"2560\" height=\"1440\" src=\"https:\/\/rho-sigma.com\/wp-content\/uploads\/2025\/05\/RHO-SIGMA_UND_06-scaled.jpg\" class=\"attachment-full size-full wp-image-1505\" alt=\"\" srcset=\"https:\/\/rho-sigma.com\/wp-content\/uploads\/2025\/05\/RHO-SIGMA_UND_06-scaled.jpg 2560w, https:\/\/rho-sigma.com\/wp-content\/uploads\/2025\/05\/RHO-SIGMA_UND_06-300x169.jpg 300w, https:\/\/rho-sigma.com\/wp-content\/uploads\/2025\/05\/RHO-SIGMA_UND_06-1024x576.jpg 1024w, https:\/\/rho-sigma.com\/wp-content\/uploads\/2025\/05\/RHO-SIGMA_UND_06-768x432.jpg 768w, https:\/\/rho-sigma.com\/wp-content\/uploads\/2025\/05\/RHO-SIGMA_UND_06-1536x864.jpg 1536w, https:\/\/rho-sigma.com\/wp-content\/uploads\/2025\/05\/RHO-SIGMA_UND_06-2048x1152.jpg 2048w, https:\/\/rho-sigma.com\/wp-content\/uploads\/2025\/05\/RHO-SIGMA_UND_06-18x10.jpg 18w\" sizes=\"(max-width: 2560px) 100vw, 2560px\" \/>\t\t\t\t\t\t\t\t\t\t\t\t\t\t\t<\/div>\n\t\t\t\t<div class=\"elementor-element elementor-element-89185de elementor-skin-carousel elementor-arrows-yes elementor-pagination-type-bullets elementor-pagination-position-outside elementor-widget elementor-widget-media-carousel\" data-id=\"89185de\" data-element_type=\"widget\" data-e-type=\"widget\" data-settings=\"{&quot;skin&quot;:&quot;carousel&quot;,&quot;effect&quot;:&quot;slide&quot;,&quot;show_arrows&quot;:&quot;yes&quot;,&quot;pagination&quot;:&quot;bullets&quot;,&quot;speed&quot;:500,&quot;autoplay&quot;:&quot;yes&quot;,&quot;autoplay_speed&quot;:5000,&quot;loop&quot;:&quot;yes&quot;,&quot;pause_on_hover&quot;:&quot;yes&quot;,&quot;pause_on_interaction&quot;:&quot;yes&quot;,&quot;space_between&quot;:{&quot;unit&quot;:&quot;px&quot;,&quot;size&quot;:10,&quot;sizes&quot;:[]},&quot;space_between_tablet&quot;:{&quot;unit&quot;:&quot;px&quot;,&quot;size&quot;:10,&quot;sizes&quot;:[]},&quot;space_between_mobile&quot;:{&quot;unit&quot;:&quot;px&quot;,&quot;size&quot;:10,&quot;sizes&quot;:[]}}\" data-widget_type=\"media-carousel.default\">\n\t\t\t\t\t\t\t\t\t\t<div class=\"elementor-main-swiper swiper\" role=\"region\" aria-roledescription=\"carousel\" aria-label=\"Slides\">\n\t\t\t\t<div class=\"swiper-wrapper\">\n\t\t\t\t\t\t\t\t\t\t\t<div class=\"swiper-slide\" role=\"group\" aria-roledescription=\"slide\">\n\t\t\t\t\t\t\t\t\t<div class=\"elementor-carousel-image\" role=\"img\" aria-label=\"RHO-SIGMA_UND_07\" style=\"background-image: url(&#039;https:\/\/rho-sigma.com\/wp-content\/uploads\/2025\/05\/RHO-SIGMA_UND_07.jpg&#039;)\">\n\n\t\t\t\n\t\t\t\t\t<\/div>\n\t\t\t\t\t\t\t\t<\/div>\n\t\t\t\t\t\t\t\t\t\t\t<div class=\"swiper-slide\" role=\"group\" aria-roledescription=\"slide\">\n\t\t\t\t\t\t\t\t\t<div class=\"elementor-carousel-image\" role=\"img\" aria-label=\"RHO-SIGMA_UND_08\" style=\"background-image: url(&#039;https:\/\/rho-sigma.com\/wp-content\/uploads\/2025\/05\/RHO-SIGMA_UND_08.jpg&#039;)\">\n\n\t\t\t\n\t\t\t\t\t<\/div>\n\t\t\t\t\t\t\t\t<\/div>\n\t\t\t\t\t\t\t\t\t\t\t<div class=\"swiper-slide\" role=\"group\" aria-roledescription=\"slide\">\n\t\t\t\t\t\t\t\t\t<div class=\"elementor-carousel-image\" role=\"img\" aria-label=\"RHO-SIGMA_UND_09\" style=\"background-image: url(&#039;https:\/\/rho-sigma.com\/wp-content\/uploads\/2025\/05\/RHO-SIGMA_UND_09.jpg&#039;)\">\n\n\t\t\t\n\t\t\t\t\t<\/div>\n\t\t\t\t\t\t\t\t<\/div>\n\t\t\t\t\t\t\t\t\t\t\t<div class=\"swiper-slide\" role=\"group\" aria-roledescription=\"slide\">\n\t\t\t\t\t\t\t\t\t<div class=\"elementor-carousel-image\" role=\"img\" aria-label=\"RHO-SIGMA_UND_10\" style=\"background-image: url(&#039;https:\/\/rho-sigma.com\/wp-content\/uploads\/2025\/05\/RHO-SIGMA_UND_10.jpg&#039;)\">\n\n\t\t\t\n\t\t\t\t\t<\/div>\n\t\t\t\t\t\t\t\t<\/div>\n\t\t\t\t\t\t\t\t\t\t\t<div class=\"swiper-slide\" role=\"group\" aria-roledescription=\"slide\">\n\t\t\t\t\t\t\t\t\t<div class=\"elementor-carousel-image\" role=\"img\" aria-label=\"RHO-SIGMA_UND_11\" style=\"background-image: url(&#039;https:\/\/rho-sigma.com\/wp-content\/uploads\/2025\/05\/RHO-SIGMA_UND_11.jpg&#039;)\">\n\n\t\t\t\n\t\t\t\t\t<\/div>\n\t\t\t\t\t\t\t\t<\/div>\n\t\t\t\t\t\t\t\t\t\t\t<div class=\"swiper-slide\" role=\"group\" aria-roledescription=\"slide\">\n\t\t\t\t\t\t\t\t\t<div class=\"elementor-carousel-image\" role=\"img\" aria-label=\"RHO-SIGMA_UND_12\" style=\"background-image: url(&#039;https:\/\/rho-sigma.com\/wp-content\/uploads\/2025\/05\/RHO-SIGMA_UND_12.jpg&#039;)\">\n\n\t\t\t\n\t\t\t\t\t<\/div>\n\t\t\t\t\t\t\t\t<\/div>\n\t\t\t\t\t\t\t\t\t\t\t<div class=\"swiper-slide\" role=\"group\" aria-roledescription=\"slide\">\n\t\t\t\t\t\t\t\t\t<div class=\"elementor-carousel-image\" role=\"img\" aria-label=\"RHO-SIGMA_UND_13\" style=\"background-image: url(&#039;https:\/\/rho-sigma.com\/wp-content\/uploads\/2025\/05\/RHO-SIGMA_UND_13.jpg&#039;)\">\n\n\t\t\t\n\t\t\t\t\t<\/div>\n\t\t\t\t\t\t\t\t<\/div>\n\t\t\t\t\t\t\t\t\t<\/div>\n\t\t\t\t\t\t\t\t\t\t\t\t\t\t\t<div class=\"elementor-swiper-button elementor-swiper-button-prev\" role=\"button\" tabindex=\"0\" aria-label=\"Previous\">\n\t\t\t\t\t\t\t<i aria-hidden=\"true\" class=\"eicon-chevron-left\"><\/i>\t\t\t\t\t\t<\/div>\n\t\t\t\t\t\t<div class=\"elementor-swiper-button elementor-swiper-button-next\" role=\"button\" tabindex=\"0\" aria-label=\"Next\">\n\t\t\t\t\t\t\t<i aria-hidden=\"true\" class=\"eicon-chevron-right\"><\/i>\t\t\t\t\t\t<\/div>\n\t\t\t\t\t\t\t\t\t\t\t\t\t\t\t\t<div class=\"swiper-pagination\"><\/div>\n\t\t\t\t\t\t\t\t\t\t\t\t<\/div>\n\t\t\t\t\t\t\t\t<\/div>\n\t\t\t\t<div class=\"elementor-element elementor-element-f8dbadb elementor-widget elementor-widget-image\" data-id=\"f8dbadb\" data-element_type=\"widget\" data-e-type=\"widget\" data-widget_type=\"image.default\">\n\t\t\t\t\t\t\t\t\t\t\t\t\t\t\t<img loading=\"lazy\" decoding=\"async\" width=\"1920\" height=\"1080\" src=\"https:\/\/rho-sigma.com\/wp-content\/uploads\/2025\/05\/RHO-SIGMA_UND_14.jpg\" class=\"attachment-full size-full wp-image-1502\" alt=\"\" srcset=\"https:\/\/rho-sigma.com\/wp-content\/uploads\/2025\/05\/RHO-SIGMA_UND_14.jpg 1920w, https:\/\/rho-sigma.com\/wp-content\/uploads\/2025\/05\/RHO-SIGMA_UND_14-300x169.jpg 300w, https:\/\/rho-sigma.com\/wp-content\/uploads\/2025\/05\/RHO-SIGMA_UND_14-1024x576.jpg 1024w, https:\/\/rho-sigma.com\/wp-content\/uploads\/2025\/05\/RHO-SIGMA_UND_14-768x432.jpg 768w, https:\/\/rho-sigma.com\/wp-content\/uploads\/2025\/05\/RHO-SIGMA_UND_14-1536x864.jpg 1536w, https:\/\/rho-sigma.com\/wp-content\/uploads\/2025\/05\/RHO-SIGMA_UND_14-18x10.jpg 18w\" sizes=\"(max-width: 1920px) 100vw, 1920px\" \/>\t\t\t\t\t\t\t\t\t\t\t\t\t\t\t<\/div>\n\t\t\t\t<div class=\"elementor-element elementor-element-6c4453a elementor-widget elementor-widget-image\" data-id=\"6c4453a\" data-element_type=\"widget\" data-e-type=\"widget\" data-widget_type=\"image.default\">\n\t\t\t\t\t\t\t\t\t\t\t\t\t\t\t<img loading=\"lazy\" decoding=\"async\" width=\"1920\" height=\"1080\" src=\"https:\/\/rho-sigma.com\/wp-content\/uploads\/2025\/05\/RHO-SIGMA_UND_15.jpg\" class=\"attachment-full size-full wp-image-1503\" alt=\"\" srcset=\"https:\/\/rho-sigma.com\/wp-content\/uploads\/2025\/05\/RHO-SIGMA_UND_15.jpg 1920w, https:\/\/rho-sigma.com\/wp-content\/uploads\/2025\/05\/RHO-SIGMA_UND_15-300x169.jpg 300w, https:\/\/rho-sigma.com\/wp-content\/uploads\/2025\/05\/RHO-SIGMA_UND_15-1024x576.jpg 1024w, https:\/\/rho-sigma.com\/wp-content\/uploads\/2025\/05\/RHO-SIGMA_UND_15-768x432.jpg 768w, https:\/\/rho-sigma.com\/wp-content\/uploads\/2025\/05\/RHO-SIGMA_UND_15-1536x864.jpg 1536w, https:\/\/rho-sigma.com\/wp-content\/uploads\/2025\/05\/RHO-SIGMA_UND_15-18x10.jpg 18w\" sizes=\"(max-width: 1920px) 100vw, 1920px\" \/>\t\t\t\t\t\t\t\t\t\t\t\t\t\t\t<\/div>\n\t\t\t\t<div class=\"elementor-element elementor-element-7d55899 elementor-widget elementor-widget-video\" data-id=\"7d55899\" data-element_type=\"widget\" data-e-type=\"widget\" data-settings=\"{&quot;youtube_url&quot;:&quot;https:\\\/\\\/youtu.be\\\/e7ipsW1T5no&quot;,&quot;loop&quot;:&quot;yes&quot;,&quot;video_type&quot;:&quot;youtube&quot;,&quot;controls&quot;:&quot;yes&quot;}\" data-widget_type=\"video.default\">\n\t\t\t\t\t\t\t<div class=\"elementor-wrapper elementor-open-inline\">\n\t\t\t<div class=\"elementor-video\"><\/div>\t\t<\/div>\n\t\t\t\t\t\t<\/div>\n\t\t\t\t<div class=\"elementor-element elementor-element-96c9f1a elementor-widget elementor-widget-video\" data-id=\"96c9f1a\" data-element_type=\"widget\" data-e-type=\"widget\" data-settings=\"{&quot;youtube_url&quot;:&quot;https:\\\/\\\/youtube.com\\\/shorts\\\/CmM7cG0HIn0?feature=share&quot;,&quot;loop&quot;:&quot;yes&quot;,&quot;video_type&quot;:&quot;youtube&quot;,&quot;controls&quot;:&quot;yes&quot;}\" data-widget_type=\"video.default\">\n\t\t\t\t\t\t\t<div class=\"elementor-wrapper elementor-open-inline\">\n\t\t\t<div class=\"elementor-video\"><\/div>\t\t<\/div>\n\t\t\t\t\t\t<\/div>\n\t\t\t\t<div class=\"elementor-element elementor-element-6d40c3e elementor-widget elementor-widget-image\" data-id=\"6d40c3e\" data-element_type=\"widget\" data-e-type=\"widget\" data-widget_type=\"image.default\">\n\t\t\t\t\t\t\t\t\t\t\t\t\t\t\t<img loading=\"lazy\" decoding=\"async\" width=\"800\" height=\"450\" src=\"https:\/\/rho-sigma.com\/wp-content\/uploads\/2025\/05\/RHO-SIGMA_UND_18-1024x576.jpg\" class=\"attachment-large size-large wp-image-1504\" alt=\"\" srcset=\"https:\/\/rho-sigma.com\/wp-content\/uploads\/2025\/05\/RHO-SIGMA_UND_18-1024x576.jpg 1024w, https:\/\/rho-sigma.com\/wp-content\/uploads\/2025\/05\/RHO-SIGMA_UND_18-300x169.jpg 300w, https:\/\/rho-sigma.com\/wp-content\/uploads\/2025\/05\/RHO-SIGMA_UND_18-768x432.jpg 768w, https:\/\/rho-sigma.com\/wp-content\/uploads\/2025\/05\/RHO-SIGMA_UND_18-1536x864.jpg 1536w, https:\/\/rho-sigma.com\/wp-content\/uploads\/2025\/05\/RHO-SIGMA_UND_18-2048x1152.jpg 2048w, https:\/\/rho-sigma.com\/wp-content\/uploads\/2025\/05\/RHO-SIGMA_UND_18-18x10.jpg 18w\" sizes=\"(max-width: 800px) 100vw, 800px\" \/>\t\t\t\t\t\t\t\t\t\t\t\t\t\t\t<\/div>\n\t\t\t\t<div class=\"elementor-element elementor-element-a02ce2d elementor-align-center elementor-widget elementor-widget-button\" data-id=\"a02ce2d\" data-element_type=\"widget\" data-e-type=\"widget\" data-widget_type=\"button.default\">\n\t\t\t\t\t\t\t\t\t\t<a class=\"elementor-button elementor-button-link elementor-size-sm\" href=\"https:\/\/rho-sigma.com\/en_us\/portafolio\/\">\n\t\t\t\t\t\t<span class=\"elementor-button-content-wrapper\">\n\t\t\t\t\t\t\t\t\t<span class=\"elementor-button-text\">Back to Portfolio<\/span>\n\t\t\t\t\t<\/span>\n\t\t\t\t\t<\/a>\n\t\t\t\t\t\t\t\t<\/div>\n\t\t\t\t<\/div>\n\t\t\t\t<\/div>","protected":false},"excerpt":{"rendered":"<p>Conoce nuestro proyecto en conjunto con Alderac Entertainment Group, para el juego de mesa de Undergrove.<\/p>","protected":false},"author":5,"featured_media":1270,"parent":0,"menu_order":0,"comment_status":"closed","ping_status":"closed","template":"","meta":{"nf_dc_page":"","footnotes":""},"class_list":["post-1367","page","type-page","status-publish","has-post-thumbnail","hentry"],"_links":{"self":[{"href":"https:\/\/rho-sigma.com\/en_us\/wp-json\/wp\/v2\/pages\/1367","targetHints":{"allow":["GET"]}}],"collection":[{"href":"https:\/\/rho-sigma.com\/en_us\/wp-json\/wp\/v2\/pages"}],"about":[{"href":"https:\/\/rho-sigma.com\/en_us\/wp-json\/wp\/v2\/types\/page"}],"author":[{"embeddable":true,"href":"https:\/\/rho-sigma.com\/en_us\/wp-json\/wp\/v2\/users\/5"}],"replies":[{"embeddable":true,"href":"https:\/\/rho-sigma.com\/en_us\/wp-json\/wp\/v2\/comments?post=1367"}],"version-history":[{"count":29,"href":"https:\/\/rho-sigma.com\/en_us\/wp-json\/wp\/v2\/pages\/1367\/revisions"}],"predecessor-version":[{"id":1837,"href":"https:\/\/rho-sigma.com\/en_us\/wp-json\/wp\/v2\/pages\/1367\/revisions\/1837"}],"wp:featuredmedia":[{"embeddable":true,"href":"https:\/\/rho-sigma.com\/en_us\/wp-json\/wp\/v2\/media\/1270"}],"wp:attachment":[{"href":"https:\/\/rho-sigma.com\/en_us\/wp-json\/wp\/v2\/media?parent=1367"}],"curies":[{"name":"wp","href":"https:\/\/api.w.org\/{rel}","templated":true}]}}