{"id":1397,"date":"2025-05-14T12:26:05","date_gmt":"2025-05-14T12:26:05","guid":{"rendered":"https:\/\/rho-sigma.com\/?page_id=1397"},"modified":"2025-07-14T07:55:07","modified_gmt":"2025-07-14T07:55:07","slug":"fit-to-print","status":"publish","type":"page","link":"https:\/\/rho-sigma.com\/en_us\/fit-to-print\/","title":{"rendered":"Fit to Print"},"content":{"rendered":"<div data-elementor-type=\"wp-page\" data-elementor-id=\"1397\" class=\"elementor elementor-1397\" data-elementor-post-type=\"page\">\n\t\t\t\t<div class=\"elementor-element elementor-element-c028b61 e-con-full elementor-hidden-mobile e-flex e-con e-parent\" data-id=\"c028b61\" data-element_type=\"container\" data-e-type=\"container\" data-settings=\"{&quot;background_background&quot;:&quot;classic&quot;}\">\n\t\t\t\t<div class=\"elementor-element elementor-element-890efdf elementor-widget elementor-widget-heading\" data-id=\"890efdf\" data-element_type=\"widget\" data-e-type=\"widget\" data-widget_type=\"heading.default\">\n\t\t\t\t\t<h2 class=\"elementor-heading-title elementor-size-default\">fit to print<\/h2>\t\t\t\t<\/div>\n\t\t\t\t<\/div>\n\t\t<div class=\"elementor-element elementor-element-4a3477d e-con-full elementor-hidden-desktop elementor-hidden-tablet e-flex e-con e-parent\" data-id=\"4a3477d\" data-element_type=\"container\" data-e-type=\"container\" data-settings=\"{&quot;background_background&quot;:&quot;classic&quot;}\">\n\t\t\t\t<div class=\"elementor-element elementor-element-1b89762 elementor-widget elementor-widget-heading\" data-id=\"1b89762\" data-element_type=\"widget\" data-e-type=\"widget\" data-widget_type=\"heading.default\">\n\t\t\t\t\t<h2 class=\"elementor-heading-title elementor-size-default\">Fit to print<\/h2>\t\t\t\t<\/div>\n\t\t\t\t<\/div>\n\t\t<div class=\"elementor-element elementor-element-89b9d2f e-con-full e-flex e-con e-parent\" data-id=\"89b9d2f\" data-element_type=\"container\" data-e-type=\"container\" data-settings=\"{&quot;background_background&quot;:&quot;classic&quot;}\">\n\t\t<div class=\"elementor-element elementor-element-358e8ec e-con-full e-flex e-con e-child\" data-id=\"358e8ec\" data-element_type=\"container\" data-e-type=\"container\">\n\t\t\t\t<div class=\"elementor-element elementor-element-c1ded25 elementor-widget elementor-widget-heading\" data-id=\"c1ded25\" data-element_type=\"widget\" data-e-type=\"widget\" data-widget_type=\"heading.default\">\n\t\t\t\t\t<h2 class=\"elementor-heading-title elementor-size-default\">Nuestro objetivo<\/h2>\t\t\t\t<\/div>\n\t\t\t\t<\/div>\n\t\t<div class=\"elementor-element elementor-element-bcbcac0 e-con-full e-flex e-con e-child\" data-id=\"bcbcac0\" data-element_type=\"container\" data-e-type=\"container\">\n\t\t\t\t<div class=\"elementor-element elementor-element-a54ad28 elementor-widget elementor-widget-text-editor\" data-id=\"a54ad28\" data-element_type=\"widget\" data-e-type=\"widget\" data-widget_type=\"text-editor.default\">\n\t\t\t\t\t\t\t\t\t<p>El objetivo de la campa\u00f1a de lanzamiento de Fit to Print a tiendas, fue lograr replicar su \u00e9xito en Kickstarter, reforzando las mec\u00e1nicas y la tem\u00e1tica del juego.<\/p>\n<p>En <strong>Rho Sigma<\/strong> iniciamos con una sesi\u00f3n de fotograf\u00eda de producto en la cual incorporamos elementos que apuntaran a su tem\u00e1tica de periodismo vintage y poder mostrar con el producto terminado la gran calidad de elementos con los que cuenta el juego, esto acompa\u00f1ado de piezas dise\u00f1adas para resaltar el arte divertido del juego.<\/p>\t\t\t\t\t\t\t\t<\/div>\n\t\t\t\t<\/div>\n\t\t\t\t<\/div>\n\t\t<div class=\"elementor-element elementor-element-9998e9c e-con-full e-flex e-con e-parent\" data-id=\"9998e9c\" data-element_type=\"container\" data-e-type=\"container\" data-settings=\"{&quot;background_background&quot;:&quot;classic&quot;}\">\n\t\t\t\t<div class=\"elementor-element elementor-element-61100ef elementor-widget elementor-widget-image\" data-id=\"61100ef\" data-element_type=\"widget\" data-e-type=\"widget\" data-widget_type=\"image.default\">\n\t\t\t\t\t\t\t\t\t\t\t\t\t\t\t<img fetchpriority=\"high\" decoding=\"async\" width=\"1920\" height=\"440\" src=\"https:\/\/rho-sigma.com\/wp-content\/uploads\/2025\/05\/RHO-SIGMA_FITTOPRINT_01.jpg\" class=\"attachment-full size-full wp-image-1547\" alt=\"\" srcset=\"https:\/\/rho-sigma.com\/wp-content\/uploads\/2025\/05\/RHO-SIGMA_FITTOPRINT_01.jpg 1920w, https:\/\/rho-sigma.com\/wp-content\/uploads\/2025\/05\/RHO-SIGMA_FITTOPRINT_01-300x69.jpg 300w, https:\/\/rho-sigma.com\/wp-content\/uploads\/2025\/05\/RHO-SIGMA_FITTOPRINT_01-1024x235.jpg 1024w, https:\/\/rho-sigma.com\/wp-content\/uploads\/2025\/05\/RHO-SIGMA_FITTOPRINT_01-768x176.jpg 768w, https:\/\/rho-sigma.com\/wp-content\/uploads\/2025\/05\/RHO-SIGMA_FITTOPRINT_01-1536x352.jpg 1536w, https:\/\/rho-sigma.com\/wp-content\/uploads\/2025\/05\/RHO-SIGMA_FITTOPRINT_01-18x4.jpg 18w\" sizes=\"(max-width: 1920px) 100vw, 1920px\" \/>\t\t\t\t\t\t\t\t\t\t\t\t\t\t\t<\/div>\n\t\t\t\t<div class=\"elementor-element elementor-element-07eb7a3 elementor-widget elementor-widget-image\" data-id=\"07eb7a3\" data-element_type=\"widget\" data-e-type=\"widget\" data-widget_type=\"image.default\">\n\t\t\t\t\t\t\t\t\t\t\t\t\t\t\t<img decoding=\"async\" width=\"1920\" height=\"1080\" src=\"https:\/\/rho-sigma.com\/wp-content\/uploads\/2025\/05\/RHO-SIGMA_FITTOPRINT_02.jpg\" class=\"attachment-full size-full wp-image-1548\" alt=\"\" srcset=\"https:\/\/rho-sigma.com\/wp-content\/uploads\/2025\/05\/RHO-SIGMA_FITTOPRINT_02.jpg 1920w, https:\/\/rho-sigma.com\/wp-content\/uploads\/2025\/05\/RHO-SIGMA_FITTOPRINT_02-300x169.jpg 300w, https:\/\/rho-sigma.com\/wp-content\/uploads\/2025\/05\/RHO-SIGMA_FITTOPRINT_02-1024x576.jpg 1024w, https:\/\/rho-sigma.com\/wp-content\/uploads\/2025\/05\/RHO-SIGMA_FITTOPRINT_02-768x432.jpg 768w, https:\/\/rho-sigma.com\/wp-content\/uploads\/2025\/05\/RHO-SIGMA_FITTOPRINT_02-1536x864.jpg 1536w, https:\/\/rho-sigma.com\/wp-content\/uploads\/2025\/05\/RHO-SIGMA_FITTOPRINT_02-18x10.jpg 18w\" sizes=\"(max-width: 1920px) 100vw, 1920px\" \/>\t\t\t\t\t\t\t\t\t\t\t\t\t\t\t<\/div>\n\t\t\t\t<div class=\"elementor-element elementor-element-b987de0 elementor-widget elementor-widget-image\" data-id=\"b987de0\" data-element_type=\"widget\" data-e-type=\"widget\" data-widget_type=\"image.default\">\n\t\t\t\t\t\t\t\t\t\t\t\t\t\t\t<img decoding=\"async\" width=\"1920\" height=\"1080\" src=\"https:\/\/rho-sigma.com\/wp-content\/uploads\/2025\/05\/RHO-SIGMA_FITTOPRINT_03.jpg\" class=\"attachment-full size-full wp-image-1549\" alt=\"\" srcset=\"https:\/\/rho-sigma.com\/wp-content\/uploads\/2025\/05\/RHO-SIGMA_FITTOPRINT_03.jpg 1920w, https:\/\/rho-sigma.com\/wp-content\/uploads\/2025\/05\/RHO-SIGMA_FITTOPRINT_03-300x169.jpg 300w, https:\/\/rho-sigma.com\/wp-content\/uploads\/2025\/05\/RHO-SIGMA_FITTOPRINT_03-1024x576.jpg 1024w, https:\/\/rho-sigma.com\/wp-content\/uploads\/2025\/05\/RHO-SIGMA_FITTOPRINT_03-768x432.jpg 768w, https:\/\/rho-sigma.com\/wp-content\/uploads\/2025\/05\/RHO-SIGMA_FITTOPRINT_03-1536x864.jpg 1536w, https:\/\/rho-sigma.com\/wp-content\/uploads\/2025\/05\/RHO-SIGMA_FITTOPRINT_03-18x10.jpg 18w\" sizes=\"(max-width: 1920px) 100vw, 1920px\" \/>\t\t\t\t\t\t\t\t\t\t\t\t\t\t\t<\/div>\n\t\t\t\t<div class=\"elementor-element elementor-element-bb98447 elementor-widget elementor-widget-image\" data-id=\"bb98447\" data-element_type=\"widget\" data-e-type=\"widget\" data-widget_type=\"image.default\">\n\t\t\t\t\t\t\t\t\t\t\t\t\t\t\t<img loading=\"lazy\" decoding=\"async\" width=\"1920\" height=\"1080\" src=\"https:\/\/rho-sigma.com\/wp-content\/uploads\/2025\/05\/RHO-SIGMA_FITTOPRINT_04.jpg\" class=\"attachment-full size-full wp-image-1550\" alt=\"\" srcset=\"https:\/\/rho-sigma.com\/wp-content\/uploads\/2025\/05\/RHO-SIGMA_FITTOPRINT_04.jpg 1920w, https:\/\/rho-sigma.com\/wp-content\/uploads\/2025\/05\/RHO-SIGMA_FITTOPRINT_04-300x169.jpg 300w, https:\/\/rho-sigma.com\/wp-content\/uploads\/2025\/05\/RHO-SIGMA_FITTOPRINT_04-1024x576.jpg 1024w, https:\/\/rho-sigma.com\/wp-content\/uploads\/2025\/05\/RHO-SIGMA_FITTOPRINT_04-768x432.jpg 768w, https:\/\/rho-sigma.com\/wp-content\/uploads\/2025\/05\/RHO-SIGMA_FITTOPRINT_04-1536x864.jpg 1536w, https:\/\/rho-sigma.com\/wp-content\/uploads\/2025\/05\/RHO-SIGMA_FITTOPRINT_04-18x10.jpg 18w\" sizes=\"(max-width: 1920px) 100vw, 1920px\" \/>\t\t\t\t\t\t\t\t\t\t\t\t\t\t\t<\/div>\n\t\t\t\t<div class=\"elementor-element elementor-element-ecc0d7a elementor-widget elementor-widget-image\" data-id=\"ecc0d7a\" data-element_type=\"widget\" data-e-type=\"widget\" data-widget_type=\"image.default\">\n\t\t\t\t\t\t\t\t\t\t\t\t\t\t\t<img loading=\"lazy\" decoding=\"async\" width=\"1920\" height=\"1080\" src=\"https:\/\/rho-sigma.com\/wp-content\/uploads\/2025\/05\/RHO-SIGMA_FITTOPRINT_05.jpg\" class=\"attachment-full size-full wp-image-1551\" alt=\"\" srcset=\"https:\/\/rho-sigma.com\/wp-content\/uploads\/2025\/05\/RHO-SIGMA_FITTOPRINT_05.jpg 1920w, https:\/\/rho-sigma.com\/wp-content\/uploads\/2025\/05\/RHO-SIGMA_FITTOPRINT_05-300x169.jpg 300w, https:\/\/rho-sigma.com\/wp-content\/uploads\/2025\/05\/RHO-SIGMA_FITTOPRINT_05-1024x576.jpg 1024w, https:\/\/rho-sigma.com\/wp-content\/uploads\/2025\/05\/RHO-SIGMA_FITTOPRINT_05-768x432.jpg 768w, https:\/\/rho-sigma.com\/wp-content\/uploads\/2025\/05\/RHO-SIGMA_FITTOPRINT_05-1536x864.jpg 1536w, https:\/\/rho-sigma.com\/wp-content\/uploads\/2025\/05\/RHO-SIGMA_FITTOPRINT_05-18x10.jpg 18w\" sizes=\"(max-width: 1920px) 100vw, 1920px\" \/>\t\t\t\t\t\t\t\t\t\t\t\t\t\t\t<\/div>\n\t\t\t\t<div class=\"elementor-element elementor-element-5f8e2a8 elementor-widget elementor-widget-image\" data-id=\"5f8e2a8\" data-element_type=\"widget\" data-e-type=\"widget\" data-widget_type=\"image.default\">\n\t\t\t\t\t\t\t\t\t\t\t\t\t\t\t<img loading=\"lazy\" decoding=\"async\" width=\"1920\" height=\"1080\" src=\"https:\/\/rho-sigma.com\/wp-content\/uploads\/2025\/05\/RHO-SIGMA_FITTOPRINT_06.jpg\" class=\"attachment-full size-full wp-image-1552\" alt=\"\" srcset=\"https:\/\/rho-sigma.com\/wp-content\/uploads\/2025\/05\/RHO-SIGMA_FITTOPRINT_06.jpg 1920w, https:\/\/rho-sigma.com\/wp-content\/uploads\/2025\/05\/RHO-SIGMA_FITTOPRINT_06-300x169.jpg 300w, https:\/\/rho-sigma.com\/wp-content\/uploads\/2025\/05\/RHO-SIGMA_FITTOPRINT_06-1024x576.jpg 1024w, https:\/\/rho-sigma.com\/wp-content\/uploads\/2025\/05\/RHO-SIGMA_FITTOPRINT_06-768x432.jpg 768w, https:\/\/rho-sigma.com\/wp-content\/uploads\/2025\/05\/RHO-SIGMA_FITTOPRINT_06-1536x864.jpg 1536w, https:\/\/rho-sigma.com\/wp-content\/uploads\/2025\/05\/RHO-SIGMA_FITTOPRINT_06-18x10.jpg 18w\" sizes=\"(max-width: 1920px) 100vw, 1920px\" \/>\t\t\t\t\t\t\t\t\t\t\t\t\t\t\t<\/div>\n\t\t\t\t<div class=\"elementor-element elementor-element-24b197c elementor-skin-carousel elementor-arrows-yes elementor-pagination-type-bullets elementor-pagination-position-outside elementor-widget elementor-widget-media-carousel\" data-id=\"24b197c\" data-element_type=\"widget\" data-e-type=\"widget\" data-settings=\"{&quot;slides_per_view&quot;:&quot;3&quot;,&quot;skin&quot;:&quot;carousel&quot;,&quot;effect&quot;:&quot;slide&quot;,&quot;show_arrows&quot;:&quot;yes&quot;,&quot;pagination&quot;:&quot;bullets&quot;,&quot;speed&quot;:500,&quot;autoplay&quot;:&quot;yes&quot;,&quot;autoplay_speed&quot;:5000,&quot;loop&quot;:&quot;yes&quot;,&quot;pause_on_hover&quot;:&quot;yes&quot;,&quot;pause_on_interaction&quot;:&quot;yes&quot;,&quot;space_between&quot;:{&quot;unit&quot;:&quot;px&quot;,&quot;size&quot;:10,&quot;sizes&quot;:[]},&quot;space_between_tablet&quot;:{&quot;unit&quot;:&quot;px&quot;,&quot;size&quot;:10,&quot;sizes&quot;:[]},&quot;space_between_mobile&quot;:{&quot;unit&quot;:&quot;px&quot;,&quot;size&quot;:10,&quot;sizes&quot;:[]}}\" data-widget_type=\"media-carousel.default\">\n\t\t\t\t\t\t\t\t\t\t<div class=\"elementor-main-swiper swiper\" role=\"region\" aria-roledescription=\"carousel\" aria-label=\"Slides\">\n\t\t\t\t<div class=\"swiper-wrapper\">\n\t\t\t\t\t\t\t\t\t\t\t<div class=\"swiper-slide\" role=\"group\" aria-roledescription=\"slide\">\n\t\t\t\t\t\t\t\t\t<div class=\"elementor-carousel-image\" role=\"img\" aria-label=\"RHO-SIGMA_FITTOPRINT_07\" style=\"background-image: url(&#039;https:\/\/rho-sigma.com\/wp-content\/uploads\/2025\/05\/RHO-SIGMA_FITTOPRINT_07.jpg&#039;)\">\n\n\t\t\t\n\t\t\t\t\t<\/div>\n\t\t\t\t\t\t\t\t<\/div>\n\t\t\t\t\t\t\t\t\t\t\t<div class=\"swiper-slide\" role=\"group\" aria-roledescription=\"slide\">\n\t\t\t\t\t\t\t\t\t<div class=\"elementor-carousel-image\" role=\"img\" aria-label=\"RHO-SIGMA_FITTOPRINT_08\" style=\"background-image: url(&#039;https:\/\/rho-sigma.com\/wp-content\/uploads\/2025\/05\/RHO-SIGMA_FITTOPRINT_08.jpg&#039;)\">\n\n\t\t\t\n\t\t\t\t\t<\/div>\n\t\t\t\t\t\t\t\t<\/div>\n\t\t\t\t\t\t\t\t\t\t\t<div class=\"swiper-slide\" role=\"group\" aria-roledescription=\"slide\">\n\t\t\t\t\t\t\t\t\t<div class=\"elementor-carousel-image\" role=\"img\" aria-label=\"RHO-SIGMA_FITTOPRINT_09\" style=\"background-image: url(&#039;https:\/\/rho-sigma.com\/wp-content\/uploads\/2025\/05\/RHO-SIGMA_FITTOPRINT_09.jpg&#039;)\">\n\n\t\t\t\n\t\t\t\t\t<\/div>\n\t\t\t\t\t\t\t\t<\/div>\n\t\t\t\t\t\t\t\t\t\t\t<div class=\"swiper-slide\" role=\"group\" aria-roledescription=\"slide\">\n\t\t\t\t\t\t\t\t\t<div class=\"elementor-carousel-image\" role=\"img\" aria-label=\"RHO-SIGMA_FITTOPRINT_10\" style=\"background-image: url(&#039;https:\/\/rho-sigma.com\/wp-content\/uploads\/2025\/05\/RHO-SIGMA_FITTOPRINT_10.jpg&#039;)\">\n\n\t\t\t\n\t\t\t\t\t<\/div>\n\t\t\t\t\t\t\t\t<\/div>\n\t\t\t\t\t\t\t\t\t\t\t<div class=\"swiper-slide\" role=\"group\" aria-roledescription=\"slide\">\n\t\t\t\t\t\t\t\t\t<div class=\"elementor-carousel-image\" role=\"img\" aria-label=\"RHO-SIGMA_FITTOPRINT_11\" style=\"background-image: url(&#039;https:\/\/rho-sigma.com\/wp-content\/uploads\/2025\/05\/RHO-SIGMA_FITTOPRINT_11.jpg&#039;)\">\n\n\t\t\t\n\t\t\t\t\t<\/div>\n\t\t\t\t\t\t\t\t<\/div>\n\t\t\t\t\t\t\t\t\t\t\t<div class=\"swiper-slide\" role=\"group\" aria-roledescription=\"slide\">\n\t\t\t\t\t\t\t\t\t<div class=\"elementor-carousel-image\" role=\"img\" aria-label=\"RHO-SIGMA_FITTOPRINT_12\" style=\"background-image: url(&#039;https:\/\/rho-sigma.com\/wp-content\/uploads\/2025\/05\/RHO-SIGMA_FITTOPRINT_12.jpg&#039;)\">\n\n\t\t\t\n\t\t\t\t\t<\/div>\n\t\t\t\t\t\t\t\t<\/div>\n\t\t\t\t\t\t\t\t\t<\/div>\n\t\t\t\t\t\t\t\t\t\t\t\t\t\t\t<div class=\"elementor-swiper-button elementor-swiper-button-prev\" role=\"button\" tabindex=\"0\" aria-label=\"Previous\">\n\t\t\t\t\t\t\t<i aria-hidden=\"true\" class=\"eicon-chevron-left\"><\/i>\t\t\t\t\t\t<\/div>\n\t\t\t\t\t\t<div class=\"elementor-swiper-button elementor-swiper-button-next\" role=\"button\" tabindex=\"0\" aria-label=\"Next\">\n\t\t\t\t\t\t\t<i aria-hidden=\"true\" class=\"eicon-chevron-right\"><\/i>\t\t\t\t\t\t<\/div>\n\t\t\t\t\t\t\t\t\t\t\t\t\t\t\t\t<div class=\"swiper-pagination\"><\/div>\n\t\t\t\t\t\t\t\t\t\t\t\t<\/div>\n\t\t\t\t\t\t\t\t<\/div>\n\t\t\t\t<div class=\"elementor-element elementor-element-115a6dc elementor-widget elementor-widget-image\" data-id=\"115a6dc\" data-element_type=\"widget\" data-e-type=\"widget\" data-widget_type=\"image.default\">\n\t\t\t\t\t\t\t\t\t\t\t\t\t\t\t<img loading=\"lazy\" decoding=\"async\" width=\"1920\" height=\"1080\" src=\"https:\/\/rho-sigma.com\/wp-content\/uploads\/2025\/05\/RHO-SIGMA_FITTOPRINT_13.jpg\" class=\"attachment-full size-full wp-image-1559\" alt=\"\" srcset=\"https:\/\/rho-sigma.com\/wp-content\/uploads\/2025\/05\/RHO-SIGMA_FITTOPRINT_13.jpg 1920w, https:\/\/rho-sigma.com\/wp-content\/uploads\/2025\/05\/RHO-SIGMA_FITTOPRINT_13-300x169.jpg 300w, https:\/\/rho-sigma.com\/wp-content\/uploads\/2025\/05\/RHO-SIGMA_FITTOPRINT_13-1024x576.jpg 1024w, https:\/\/rho-sigma.com\/wp-content\/uploads\/2025\/05\/RHO-SIGMA_FITTOPRINT_13-768x432.jpg 768w, https:\/\/rho-sigma.com\/wp-content\/uploads\/2025\/05\/RHO-SIGMA_FITTOPRINT_13-1536x864.jpg 1536w, https:\/\/rho-sigma.com\/wp-content\/uploads\/2025\/05\/RHO-SIGMA_FITTOPRINT_13-18x10.jpg 18w\" sizes=\"(max-width: 1920px) 100vw, 1920px\" \/>\t\t\t\t\t\t\t\t\t\t\t\t\t\t\t<\/div>\n\t\t\t\t<div class=\"elementor-element elementor-element-b0315c9 elementor-widget elementor-widget-image\" data-id=\"b0315c9\" data-element_type=\"widget\" data-e-type=\"widget\" data-widget_type=\"image.default\">\n\t\t\t\t\t\t\t\t\t\t\t\t\t\t\t<img loading=\"lazy\" decoding=\"async\" width=\"1920\" height=\"1080\" src=\"https:\/\/rho-sigma.com\/wp-content\/uploads\/2025\/05\/RHO-SIGMA_FITTOPRINT_14.jpg\" class=\"attachment-full size-full wp-image-1546\" alt=\"\" srcset=\"https:\/\/rho-sigma.com\/wp-content\/uploads\/2025\/05\/RHO-SIGMA_FITTOPRINT_14.jpg 1920w, https:\/\/rho-sigma.com\/wp-content\/uploads\/2025\/05\/RHO-SIGMA_FITTOPRINT_14-300x169.jpg 300w, https:\/\/rho-sigma.com\/wp-content\/uploads\/2025\/05\/RHO-SIGMA_FITTOPRINT_14-1024x576.jpg 1024w, https:\/\/rho-sigma.com\/wp-content\/uploads\/2025\/05\/RHO-SIGMA_FITTOPRINT_14-768x432.jpg 768w, https:\/\/rho-sigma.com\/wp-content\/uploads\/2025\/05\/RHO-SIGMA_FITTOPRINT_14-1536x864.jpg 1536w, https:\/\/rho-sigma.com\/wp-content\/uploads\/2025\/05\/RHO-SIGMA_FITTOPRINT_14-18x10.jpg 18w\" sizes=\"(max-width: 1920px) 100vw, 1920px\" \/>\t\t\t\t\t\t\t\t\t\t\t\t\t\t\t<\/div>\n\t\t\t\t<div class=\"elementor-element elementor-element-f42f166 elementor-align-center elementor-widget elementor-widget-button\" data-id=\"f42f166\" data-element_type=\"widget\" data-e-type=\"widget\" data-widget_type=\"button.default\">\n\t\t\t\t\t\t\t\t\t\t<a class=\"elementor-button elementor-button-link elementor-size-sm\" href=\"https:\/\/rho-sigma.com\/en_us\/portafolio\/\">\n\t\t\t\t\t\t<span class=\"elementor-button-content-wrapper\">\n\t\t\t\t\t\t\t\t\t<span class=\"elementor-button-text\">Back to Portfolio<\/span>\n\t\t\t\t\t<\/span>\n\t\t\t\t\t<\/a>\n\t\t\t\t\t\t\t\t<\/div>\n\t\t\t\t<\/div>\n\t\t\t\t<\/div>","protected":false},"excerpt":{"rendered":"<p>Conoce nuestro proyecto en conjunto con Flatout Games y Alderac Entertainment Group, para el juego de mesa de Fit to Print.<\/p>","protected":false},"author":5,"featured_media":1550,"parent":0,"menu_order":0,"comment_status":"closed","ping_status":"closed","template":"","meta":{"nf_dc_page":"","footnotes":""},"class_list":["post-1397","page","type-page","status-publish","has-post-thumbnail","hentry"],"_links":{"self":[{"href":"https:\/\/rho-sigma.com\/en_us\/wp-json\/wp\/v2\/pages\/1397","targetHints":{"allow":["GET"]}}],"collection":[{"href":"https:\/\/rho-sigma.com\/en_us\/wp-json\/wp\/v2\/pages"}],"about":[{"href":"https:\/\/rho-sigma.com\/en_us\/wp-json\/wp\/v2\/types\/page"}],"author":[{"embeddable":true,"href":"https:\/\/rho-sigma.com\/en_us\/wp-json\/wp\/v2\/users\/5"}],"replies":[{"embeddable":true,"href":"https:\/\/rho-sigma.com\/en_us\/wp-json\/wp\/v2\/comments?post=1397"}],"version-history":[{"count":26,"href":"https:\/\/rho-sigma.com\/en_us\/wp-json\/wp\/v2\/pages\/1397\/revisions"}],"predecessor-version":[{"id":1800,"href":"https:\/\/rho-sigma.com\/en_us\/wp-json\/wp\/v2\/pages\/1397\/revisions\/1800"}],"wp:featuredmedia":[{"embeddable":true,"href":"https:\/\/rho-sigma.com\/en_us\/wp-json\/wp\/v2\/media\/1550"}],"wp:attachment":[{"href":"https:\/\/rho-sigma.com\/en_us\/wp-json\/wp\/v2\/media?parent=1397"}],"curies":[{"name":"wp","href":"https:\/\/api.w.org\/{rel}","templated":true}]}}