{"id":1418,"date":"2025-05-14T13:00:18","date_gmt":"2025-05-14T13:00:18","guid":{"rendered":"https:\/\/rho-sigma.com\/?page_id=1418"},"modified":"2025-07-14T07:22:08","modified_gmt":"2025-07-14T07:22:08","slug":"cascadia","status":"publish","type":"page","link":"https:\/\/rho-sigma.com\/en_us\/cascadia\/","title":{"rendered":"Cascadia"},"content":{"rendered":"<div data-elementor-type=\"wp-page\" data-elementor-id=\"1418\" class=\"elementor elementor-1418\" data-elementor-post-type=\"page\">\n\t\t\t\t<div class=\"elementor-element elementor-element-c028b61 e-con-full elementor-hidden-mobile e-flex e-con e-parent\" data-id=\"c028b61\" data-element_type=\"container\" data-e-type=\"container\" data-settings=\"{&quot;background_background&quot;:&quot;classic&quot;}\">\n\t\t\t\t<div class=\"elementor-element elementor-element-890efdf elementor-widget elementor-widget-heading\" data-id=\"890efdf\" data-element_type=\"widget\" data-e-type=\"widget\" data-widget_type=\"heading.default\">\n\t\t\t\t\t<h2 class=\"elementor-heading-title elementor-size-default\">Cascadia<\/h2>\t\t\t\t<\/div>\n\t\t\t\t<\/div>\n\t\t<div class=\"elementor-element elementor-element-06c784a e-con-full elementor-hidden-desktop elementor-hidden-tablet e-flex e-con e-parent\" data-id=\"06c784a\" data-element_type=\"container\" data-e-type=\"container\" data-settings=\"{&quot;background_background&quot;:&quot;classic&quot;}\">\n\t\t\t\t<div class=\"elementor-element elementor-element-79bfe61 elementor-widget elementor-widget-heading\" data-id=\"79bfe61\" data-element_type=\"widget\" data-e-type=\"widget\" data-widget_type=\"heading.default\">\n\t\t\t\t\t<h2 class=\"elementor-heading-title elementor-size-default\">Cascadia<\/h2>\t\t\t\t<\/div>\n\t\t\t\t<\/div>\n\t\t<div class=\"elementor-element elementor-element-89b9d2f e-con-full e-flex e-con e-parent\" data-id=\"89b9d2f\" data-element_type=\"container\" data-e-type=\"container\" data-settings=\"{&quot;background_background&quot;:&quot;classic&quot;}\">\n\t\t<div class=\"elementor-element elementor-element-358e8ec e-con-full e-flex e-con e-child\" data-id=\"358e8ec\" data-element_type=\"container\" data-e-type=\"container\">\n\t\t\t\t<div class=\"elementor-element elementor-element-c1ded25 elementor-widget elementor-widget-heading\" data-id=\"c1ded25\" data-element_type=\"widget\" data-e-type=\"widget\" data-widget_type=\"heading.default\">\n\t\t\t\t\t<h2 class=\"elementor-heading-title elementor-size-default\">Nuestro objetivo<\/h2>\t\t\t\t<\/div>\n\t\t\t\t<\/div>\n\t\t<div class=\"elementor-element elementor-element-bcbcac0 e-con-full e-flex e-con e-child\" data-id=\"bcbcac0\" data-element_type=\"container\" data-e-type=\"container\">\n\t\t\t\t<div class=\"elementor-element elementor-element-a54ad28 elementor-widget elementor-widget-text-editor\" data-id=\"a54ad28\" data-element_type=\"widget\" data-e-type=\"widget\" data-widget_type=\"text-editor.default\">\n\t\t\t\t\t\t\t\t\t<p data-start=\"207\" data-end=\"609\">La campa\u00f1a de Cascadia represent\u00f3 un reto a largo plazo: construir una relaci\u00f3n duradera entre los jugadores y un universo de juegos inspirado en la naturaleza del Pac\u00edfico Noroeste. Desde su llegada inicial a tiendas, hasta el lanzamiento de nuevas expansiones y variantes como <em data-start=\"486\" data-end=\"504\">Cascadia Rolling<\/em>, el objetivo fue mantener viva la emoci\u00f3n y el inter\u00e9s por esta familia de juegos a lo largo del tiempo.<\/p><p data-start=\"611\" data-end=\"976\">En <strong data-start=\"614\" data-end=\"627\">Rho Sigma<\/strong>, acompa\u00f1amos esta evoluci\u00f3n con campa\u00f1as de publicidad en redes sociales y el dise\u00f1o de su sitio web, asegurando una comunicaci\u00f3n clara, visualmente atractiva y coherente en cada etapa. Gracias a esta estrategia constante, <em data-start=\"851\" data-end=\"861\">Cascadia<\/em> logr\u00f3 algo invaluable: la fidelidad de su comunidad, que ha seguido creciendo y disfrutando de cada nueva entrega.<\/p>\t\t\t\t\t\t\t\t<\/div>\n\t\t\t\t<\/div>\n\t\t\t\t<\/div>\n\t\t<div class=\"elementor-element elementor-element-20ccdc3 e-con-full e-flex e-con e-parent\" data-id=\"20ccdc3\" data-element_type=\"container\" data-e-type=\"container\" data-settings=\"{&quot;background_background&quot;:&quot;classic&quot;}\">\n\t\t\t\t<div class=\"elementor-element elementor-element-a9ca50c elementor-widget elementor-widget-image\" data-id=\"a9ca50c\" data-element_type=\"widget\" data-e-type=\"widget\" data-widget_type=\"image.default\">\n\t\t\t\t\t\t\t\t\t\t\t\t\t\t\t<img fetchpriority=\"high\" decoding=\"async\" width=\"1920\" height=\"440\" src=\"https:\/\/rho-sigma.com\/wp-content\/uploads\/2025\/05\/RHO-SIGMA_CASCADIA_01.jpg\" class=\"attachment-full size-full wp-image-1530\" alt=\"\" srcset=\"https:\/\/rho-sigma.com\/wp-content\/uploads\/2025\/05\/RHO-SIGMA_CASCADIA_01.jpg 1920w, https:\/\/rho-sigma.com\/wp-content\/uploads\/2025\/05\/RHO-SIGMA_CASCADIA_01-300x69.jpg 300w, https:\/\/rho-sigma.com\/wp-content\/uploads\/2025\/05\/RHO-SIGMA_CASCADIA_01-1024x235.jpg 1024w, https:\/\/rho-sigma.com\/wp-content\/uploads\/2025\/05\/RHO-SIGMA_CASCADIA_01-768x176.jpg 768w, https:\/\/rho-sigma.com\/wp-content\/uploads\/2025\/05\/RHO-SIGMA_CASCADIA_01-1536x352.jpg 1536w, https:\/\/rho-sigma.com\/wp-content\/uploads\/2025\/05\/RHO-SIGMA_CASCADIA_01-18x4.jpg 18w\" sizes=\"(max-width: 1920px) 100vw, 1920px\" \/>\t\t\t\t\t\t\t\t\t\t\t\t\t\t\t<\/div>\n\t\t\t\t<div class=\"elementor-element elementor-element-506e215 elementor-widget elementor-widget-image\" data-id=\"506e215\" data-element_type=\"widget\" data-e-type=\"widget\" data-widget_type=\"image.default\">\n\t\t\t\t\t\t\t\t\t\t\t\t\t\t\t<img decoding=\"async\" width=\"1920\" height=\"1280\" src=\"https:\/\/rho-sigma.com\/wp-content\/uploads\/2025\/05\/RHO-SIGMA_CASCADIA_02.jpg\" class=\"attachment-full size-full wp-image-1531\" alt=\"\" srcset=\"https:\/\/rho-sigma.com\/wp-content\/uploads\/2025\/05\/RHO-SIGMA_CASCADIA_02.jpg 1920w, https:\/\/rho-sigma.com\/wp-content\/uploads\/2025\/05\/RHO-SIGMA_CASCADIA_02-300x200.jpg 300w, https:\/\/rho-sigma.com\/wp-content\/uploads\/2025\/05\/RHO-SIGMA_CASCADIA_02-1024x683.jpg 1024w, https:\/\/rho-sigma.com\/wp-content\/uploads\/2025\/05\/RHO-SIGMA_CASCADIA_02-768x512.jpg 768w, https:\/\/rho-sigma.com\/wp-content\/uploads\/2025\/05\/RHO-SIGMA_CASCADIA_02-1536x1024.jpg 1536w, https:\/\/rho-sigma.com\/wp-content\/uploads\/2025\/05\/RHO-SIGMA_CASCADIA_02-18x12.jpg 18w\" sizes=\"(max-width: 1920px) 100vw, 1920px\" \/>\t\t\t\t\t\t\t\t\t\t\t\t\t\t\t<\/div>\n\t\t\t\t<div class=\"elementor-element elementor-element-964556f elementor-widget elementor-widget-image\" data-id=\"964556f\" data-element_type=\"widget\" data-e-type=\"widget\" data-widget_type=\"image.default\">\n\t\t\t\t\t\t\t\t\t\t\t\t\t\t\t<img decoding=\"async\" width=\"1920\" height=\"1080\" src=\"https:\/\/rho-sigma.com\/wp-content\/uploads\/2025\/05\/RHO-SIGMA_CASCADIA_03.jpg\" class=\"attachment-full size-full wp-image-1532\" alt=\"\" srcset=\"https:\/\/rho-sigma.com\/wp-content\/uploads\/2025\/05\/RHO-SIGMA_CASCADIA_03.jpg 1920w, https:\/\/rho-sigma.com\/wp-content\/uploads\/2025\/05\/RHO-SIGMA_CASCADIA_03-300x169.jpg 300w, https:\/\/rho-sigma.com\/wp-content\/uploads\/2025\/05\/RHO-SIGMA_CASCADIA_03-1024x576.jpg 1024w, https:\/\/rho-sigma.com\/wp-content\/uploads\/2025\/05\/RHO-SIGMA_CASCADIA_03-768x432.jpg 768w, https:\/\/rho-sigma.com\/wp-content\/uploads\/2025\/05\/RHO-SIGMA_CASCADIA_03-1536x864.jpg 1536w, https:\/\/rho-sigma.com\/wp-content\/uploads\/2025\/05\/RHO-SIGMA_CASCADIA_03-18x10.jpg 18w\" sizes=\"(max-width: 1920px) 100vw, 1920px\" \/>\t\t\t\t\t\t\t\t\t\t\t\t\t\t\t<\/div>\n\t\t\t\t<div class=\"elementor-element elementor-element-aaa7ad0 elementor-widget elementor-widget-image\" data-id=\"aaa7ad0\" data-element_type=\"widget\" data-e-type=\"widget\" data-widget_type=\"image.default\">\n\t\t\t\t\t\t\t\t\t\t\t\t\t\t\t<img loading=\"lazy\" decoding=\"async\" width=\"1920\" height=\"1280\" src=\"https:\/\/rho-sigma.com\/wp-content\/uploads\/2025\/05\/RHO-SIGMA_CASCADIA_04.jpg\" class=\"attachment-full size-full wp-image-1533\" alt=\"\" srcset=\"https:\/\/rho-sigma.com\/wp-content\/uploads\/2025\/05\/RHO-SIGMA_CASCADIA_04.jpg 1920w, https:\/\/rho-sigma.com\/wp-content\/uploads\/2025\/05\/RHO-SIGMA_CASCADIA_04-300x200.jpg 300w, https:\/\/rho-sigma.com\/wp-content\/uploads\/2025\/05\/RHO-SIGMA_CASCADIA_04-1024x683.jpg 1024w, https:\/\/rho-sigma.com\/wp-content\/uploads\/2025\/05\/RHO-SIGMA_CASCADIA_04-768x512.jpg 768w, https:\/\/rho-sigma.com\/wp-content\/uploads\/2025\/05\/RHO-SIGMA_CASCADIA_04-1536x1024.jpg 1536w, https:\/\/rho-sigma.com\/wp-content\/uploads\/2025\/05\/RHO-SIGMA_CASCADIA_04-18x12.jpg 18w\" sizes=\"(max-width: 1920px) 100vw, 1920px\" \/>\t\t\t\t\t\t\t\t\t\t\t\t\t\t\t<\/div>\n\t\t\t\t<div class=\"elementor-element elementor-element-0fd3e3c elementor-widget elementor-widget-image\" data-id=\"0fd3e3c\" data-element_type=\"widget\" data-e-type=\"widget\" data-widget_type=\"image.default\">\n\t\t\t\t\t\t\t\t\t\t\t\t\t\t\t<img loading=\"lazy\" decoding=\"async\" width=\"1920\" height=\"1080\" src=\"https:\/\/rho-sigma.com\/wp-content\/uploads\/2025\/05\/RHO-SIGMA_CASCADIA_05.jpg\" class=\"attachment-full size-full wp-image-1534\" alt=\"\" srcset=\"https:\/\/rho-sigma.com\/wp-content\/uploads\/2025\/05\/RHO-SIGMA_CASCADIA_05.jpg 1920w, https:\/\/rho-sigma.com\/wp-content\/uploads\/2025\/05\/RHO-SIGMA_CASCADIA_05-300x169.jpg 300w, https:\/\/rho-sigma.com\/wp-content\/uploads\/2025\/05\/RHO-SIGMA_CASCADIA_05-1024x576.jpg 1024w, https:\/\/rho-sigma.com\/wp-content\/uploads\/2025\/05\/RHO-SIGMA_CASCADIA_05-768x432.jpg 768w, https:\/\/rho-sigma.com\/wp-content\/uploads\/2025\/05\/RHO-SIGMA_CASCADIA_05-1536x864.jpg 1536w, https:\/\/rho-sigma.com\/wp-content\/uploads\/2025\/05\/RHO-SIGMA_CASCADIA_05-18x10.jpg 18w\" sizes=\"(max-width: 1920px) 100vw, 1920px\" \/>\t\t\t\t\t\t\t\t\t\t\t\t\t\t\t<\/div>\n\t\t\t\t<div class=\"elementor-element elementor-element-6406d59 elementor-widget elementor-widget-image\" data-id=\"6406d59\" data-element_type=\"widget\" data-e-type=\"widget\" data-widget_type=\"image.default\">\n\t\t\t\t\t\t\t\t\t\t\t\t\t\t\t<img loading=\"lazy\" decoding=\"async\" width=\"1920\" height=\"1080\" src=\"https:\/\/rho-sigma.com\/wp-content\/uploads\/2025\/05\/RHO-SIGMA_CASCADIA_06.jpg\" class=\"attachment-full size-full wp-image-1535\" alt=\"\" srcset=\"https:\/\/rho-sigma.com\/wp-content\/uploads\/2025\/05\/RHO-SIGMA_CASCADIA_06.jpg 1920w, https:\/\/rho-sigma.com\/wp-content\/uploads\/2025\/05\/RHO-SIGMA_CASCADIA_06-300x169.jpg 300w, https:\/\/rho-sigma.com\/wp-content\/uploads\/2025\/05\/RHO-SIGMA_CASCADIA_06-1024x576.jpg 1024w, https:\/\/rho-sigma.com\/wp-content\/uploads\/2025\/05\/RHO-SIGMA_CASCADIA_06-768x432.jpg 768w, https:\/\/rho-sigma.com\/wp-content\/uploads\/2025\/05\/RHO-SIGMA_CASCADIA_06-1536x864.jpg 1536w, https:\/\/rho-sigma.com\/wp-content\/uploads\/2025\/05\/RHO-SIGMA_CASCADIA_06-18x10.jpg 18w\" sizes=\"(max-width: 1920px) 100vw, 1920px\" \/>\t\t\t\t\t\t\t\t\t\t\t\t\t\t\t<\/div>\n\t\t\t\t<div class=\"elementor-element elementor-element-b4b4205 elementor-skin-carousel elementor-arrows-yes elementor-pagination-type-bullets elementor-pagination-position-outside elementor-widget elementor-widget-media-carousel\" data-id=\"b4b4205\" data-element_type=\"widget\" data-e-type=\"widget\" data-settings=\"{&quot;slides_per_view&quot;:&quot;3&quot;,&quot;skin&quot;:&quot;carousel&quot;,&quot;effect&quot;:&quot;slide&quot;,&quot;show_arrows&quot;:&quot;yes&quot;,&quot;pagination&quot;:&quot;bullets&quot;,&quot;speed&quot;:500,&quot;autoplay&quot;:&quot;yes&quot;,&quot;autoplay_speed&quot;:5000,&quot;loop&quot;:&quot;yes&quot;,&quot;pause_on_hover&quot;:&quot;yes&quot;,&quot;pause_on_interaction&quot;:&quot;yes&quot;,&quot;space_between&quot;:{&quot;unit&quot;:&quot;px&quot;,&quot;size&quot;:10,&quot;sizes&quot;:[]},&quot;space_between_tablet&quot;:{&quot;unit&quot;:&quot;px&quot;,&quot;size&quot;:10,&quot;sizes&quot;:[]},&quot;space_between_mobile&quot;:{&quot;unit&quot;:&quot;px&quot;,&quot;size&quot;:10,&quot;sizes&quot;:[]}}\" data-widget_type=\"media-carousel.default\">\n\t\t\t\t\t\t\t\t\t\t<div class=\"elementor-main-swiper swiper\" role=\"region\" aria-roledescription=\"carousel\" aria-label=\"Slides\">\n\t\t\t\t<div class=\"swiper-wrapper\">\n\t\t\t\t\t\t\t\t\t\t\t<div class=\"swiper-slide\" role=\"group\" aria-roledescription=\"slide\">\n\t\t\t\t\t\t\t\t\t<div class=\"elementor-carousel-image\" role=\"img\" aria-label=\"RHO-SIGMA_CASCADIA_07\" style=\"background-image: url(&#039;https:\/\/rho-sigma.com\/wp-content\/uploads\/2025\/05\/RHO-SIGMA_CASCADIA_07.jpg&#039;)\">\n\n\t\t\t\n\t\t\t\t\t<\/div>\n\t\t\t\t\t\t\t\t<\/div>\n\t\t\t\t\t\t\t\t\t\t\t<div class=\"swiper-slide\" role=\"group\" aria-roledescription=\"slide\">\n\t\t\t\t\t\t\t\t\t<div class=\"elementor-carousel-image\" role=\"img\" aria-label=\"RHO-SIGMA_CASCADIA_08\" style=\"background-image: url(&#039;https:\/\/rho-sigma.com\/wp-content\/uploads\/2025\/05\/RHO-SIGMA_CASCADIA_08.jpg&#039;)\">\n\n\t\t\t\n\t\t\t\t\t<\/div>\n\t\t\t\t\t\t\t\t<\/div>\n\t\t\t\t\t\t\t\t\t\t\t<div class=\"swiper-slide\" role=\"group\" aria-roledescription=\"slide\">\n\t\t\t\t\t\t\t\t\t<div class=\"elementor-carousel-image\" role=\"img\" aria-label=\"RHO-SIGMA_CASCADIA_09\" style=\"background-image: url(&#039;https:\/\/rho-sigma.com\/wp-content\/uploads\/2025\/05\/RHO-SIGMA_CASCADIA_09.jpg&#039;)\">\n\n\t\t\t\n\t\t\t\t\t<\/div>\n\t\t\t\t\t\t\t\t<\/div>\n\t\t\t\t\t\t\t\t\t\t\t<div class=\"swiper-slide\" role=\"group\" aria-roledescription=\"slide\">\n\t\t\t\t\t\t\t\t\t<div class=\"elementor-carousel-image\" role=\"img\" aria-label=\"RHO-SIGMA_CASCADIA_10\" style=\"background-image: url(&#039;https:\/\/rho-sigma.com\/wp-content\/uploads\/2025\/05\/RHO-SIGMA_CASCADIA_10.jpg&#039;)\">\n\n\t\t\t\n\t\t\t\t\t<\/div>\n\t\t\t\t\t\t\t\t<\/div>\n\t\t\t\t\t\t\t\t\t\t\t<div class=\"swiper-slide\" role=\"group\" aria-roledescription=\"slide\">\n\t\t\t\t\t\t\t\t\t<div class=\"elementor-carousel-image\" role=\"img\" aria-label=\"RHO-SIGMA_CASCADIA_11\" style=\"background-image: url(&#039;https:\/\/rho-sigma.com\/wp-content\/uploads\/2025\/05\/RHO-SIGMA_CASCADIA_11.jpg&#039;)\">\n\n\t\t\t\n\t\t\t\t\t<\/div>\n\t\t\t\t\t\t\t\t<\/div>\n\t\t\t\t\t\t\t\t\t\t\t<div class=\"swiper-slide\" role=\"group\" aria-roledescription=\"slide\">\n\t\t\t\t\t\t\t\t\t<div class=\"elementor-carousel-image\" role=\"img\" aria-label=\"RHO-SIGMA_CASCADIA_12\" style=\"background-image: url(&#039;https:\/\/rho-sigma.com\/wp-content\/uploads\/2025\/05\/RHO-SIGMA_CASCADIA_12.jpg&#039;)\">\n\n\t\t\t\n\t\t\t\t\t<\/div>\n\t\t\t\t\t\t\t\t<\/div>\n\t\t\t\t\t\t\t\t\t<\/div>\n\t\t\t\t\t\t\t\t\t\t\t\t\t\t\t<div class=\"elementor-swiper-button elementor-swiper-button-prev\" role=\"button\" tabindex=\"0\" aria-label=\"Previous\" data-no-translation-aria-label=\"\">\n\t\t\t\t\t\t\t<i aria-hidden=\"true\" class=\"eicon-chevron-left\"><\/i>\t\t\t\t\t\t<\/div>\n\t\t\t\t\t\t<div class=\"elementor-swiper-button elementor-swiper-button-next\" role=\"button\" tabindex=\"0\" aria-label=\"Next\" data-no-translation-aria-label=\"\">\n\t\t\t\t\t\t\t<i aria-hidden=\"true\" class=\"eicon-chevron-right\"><\/i>\t\t\t\t\t\t<\/div>\n\t\t\t\t\t\t\t\t\t\t\t\t\t\t\t\t<div class=\"swiper-pagination\"><\/div>\n\t\t\t\t\t\t\t\t\t\t\t\t<\/div>\n\t\t\t\t\t\t\t\t<\/div>\n\t\t\t\t<div class=\"elementor-element elementor-element-b393a83 elementor-skin-carousel elementor-arrows-yes elementor-pagination-type-bullets elementor-pagination-position-outside elementor-widget elementor-widget-media-carousel\" data-id=\"b393a83\" data-element_type=\"widget\" data-e-type=\"widget\" data-settings=\"{&quot;slides_per_view&quot;:&quot;3&quot;,&quot;skin&quot;:&quot;carousel&quot;,&quot;effect&quot;:&quot;slide&quot;,&quot;show_arrows&quot;:&quot;yes&quot;,&quot;pagination&quot;:&quot;bullets&quot;,&quot;speed&quot;:500,&quot;autoplay&quot;:&quot;yes&quot;,&quot;autoplay_speed&quot;:5000,&quot;loop&quot;:&quot;yes&quot;,&quot;pause_on_hover&quot;:&quot;yes&quot;,&quot;pause_on_interaction&quot;:&quot;yes&quot;,&quot;space_between&quot;:{&quot;unit&quot;:&quot;px&quot;,&quot;size&quot;:10,&quot;sizes&quot;:[]},&quot;space_between_tablet&quot;:{&quot;unit&quot;:&quot;px&quot;,&quot;size&quot;:10,&quot;sizes&quot;:[]},&quot;space_between_mobile&quot;:{&quot;unit&quot;:&quot;px&quot;,&quot;size&quot;:10,&quot;sizes&quot;:[]}}\" data-widget_type=\"media-carousel.default\">\n\t\t\t\t\t\t\t\t\t\t<div class=\"elementor-main-swiper swiper\" role=\"region\" aria-roledescription=\"carousel\" aria-label=\"Slides\">\n\t\t\t\t<div class=\"swiper-wrapper\">\n\t\t\t\t\t\t\t\t\t\t\t<div class=\"swiper-slide\" role=\"group\" aria-roledescription=\"slide\">\n\t\t\t\t\t\t\t\t\t<div class=\"elementor-carousel-image\" role=\"img\" aria-label=\"RHO-SIGMA_CASCADIA_13\" style=\"background-image: url(&#039;https:\/\/rho-sigma.com\/wp-content\/uploads\/2025\/05\/RHO-SIGMA_CASCADIA_13.jpg&#039;)\">\n\n\t\t\t\n\t\t\t\t\t<\/div>\n\t\t\t\t\t\t\t\t<\/div>\n\t\t\t\t\t\t\t\t\t\t\t<div class=\"swiper-slide\" role=\"group\" aria-roledescription=\"slide\">\n\t\t\t\t\t\t\t\t\t<div class=\"elementor-carousel-image\" role=\"img\" aria-label=\"RHO-SIGMA_CASCADIA_14\" style=\"background-image: url(&#039;https:\/\/rho-sigma.com\/wp-content\/uploads\/2025\/05\/RHO-SIGMA_CASCADIA_14.jpg&#039;)\">\n\n\t\t\t\n\t\t\t\t\t<\/div>\n\t\t\t\t\t\t\t\t<\/div>\n\t\t\t\t\t\t\t\t\t\t\t<div class=\"swiper-slide\" role=\"group\" aria-roledescription=\"slide\">\n\t\t\t\t\t\t\t\t\t<div class=\"elementor-carousel-image\" role=\"img\" aria-label=\"RHO-SIGMA_CASCADIA_15\" style=\"background-image: url(&#039;https:\/\/rho-sigma.com\/wp-content\/uploads\/2025\/05\/RHO-SIGMA_CASCADIA_15.jpg&#039;)\">\n\n\t\t\t\n\t\t\t\t\t<\/div>\n\t\t\t\t\t\t\t\t<\/div>\n\t\t\t\t\t\t\t\t\t\t\t<div class=\"swiper-slide\" role=\"group\" aria-roledescription=\"slide\">\n\t\t\t\t\t\t\t\t\t<div class=\"elementor-carousel-image\" role=\"img\" aria-label=\"RHO-SIGMA_CASCADIA_16\" style=\"background-image: url(&#039;https:\/\/rho-sigma.com\/wp-content\/uploads\/2025\/05\/RHO-SIGMA_CASCADIA_16.jpg&#039;)\">\n\n\t\t\t\n\t\t\t\t\t<\/div>\n\t\t\t\t\t\t\t\t<\/div>\n\t\t\t\t\t\t\t\t\t\t\t<div class=\"swiper-slide\" role=\"group\" aria-roledescription=\"slide\">\n\t\t\t\t\t\t\t\t\t<div class=\"elementor-carousel-image\" role=\"img\" aria-label=\"RHO-SIGMA_CASCADIA_17\" style=\"background-image: url(&#039;https:\/\/rho-sigma.com\/wp-content\/uploads\/2025\/05\/RHO-SIGMA_CASCADIA_17.jpg&#039;)\">\n\n\t\t\t\n\t\t\t\t\t<\/div>\n\t\t\t\t\t\t\t\t<\/div>\n\t\t\t\t\t\t\t\t\t\t\t<div class=\"swiper-slide\" role=\"group\" aria-roledescription=\"slide\">\n\t\t\t\t\t\t\t\t\t<div class=\"elementor-carousel-image\" role=\"img\" aria-label=\"RHO-SIGMA_CASCADIA_18\" style=\"background-image: url(&#039;https:\/\/rho-sigma.com\/wp-content\/uploads\/2025\/05\/RHO-SIGMA_CASCADIA_18.jpg&#039;)\">\n\n\t\t\t\n\t\t\t\t\t<\/div>\n\t\t\t\t\t\t\t\t<\/div>\n\t\t\t\t\t\t\t\t\t<\/div>\n\t\t\t\t\t\t\t\t\t\t\t\t\t\t\t<div class=\"elementor-swiper-button elementor-swiper-button-prev\" role=\"button\" tabindex=\"0\" aria-label=\"Previous\" data-no-translation-aria-label=\"\">\n\t\t\t\t\t\t\t<i aria-hidden=\"true\" class=\"eicon-chevron-left\"><\/i>\t\t\t\t\t\t<\/div>\n\t\t\t\t\t\t<div class=\"elementor-swiper-button elementor-swiper-button-next\" role=\"button\" tabindex=\"0\" aria-label=\"Next\" data-no-translation-aria-label=\"\">\n\t\t\t\t\t\t\t<i aria-hidden=\"true\" class=\"eicon-chevron-right\"><\/i>\t\t\t\t\t\t<\/div>\n\t\t\t\t\t\t\t\t\t\t\t\t\t\t\t\t<div class=\"swiper-pagination\"><\/div>\n\t\t\t\t\t\t\t\t\t\t\t\t<\/div>\n\t\t\t\t\t\t\t\t<\/div>\n\t\t\t\t<div class=\"elementor-element elementor-element-dcfce49 elementor-widget elementor-widget-image\" data-id=\"dcfce49\" data-element_type=\"widget\" data-e-type=\"widget\" data-widget_type=\"image.default\">\n\t\t\t\t\t\t\t\t\t\t\t\t\t\t\t<img loading=\"lazy\" decoding=\"async\" width=\"1920\" height=\"1080\" src=\"https:\/\/rho-sigma.com\/wp-content\/uploads\/2025\/05\/RHO-SIGMA_CASCADIA_19.jpg\" class=\"attachment-full size-full wp-image-1528\" alt=\"\" srcset=\"https:\/\/rho-sigma.com\/wp-content\/uploads\/2025\/05\/RHO-SIGMA_CASCADIA_19.jpg 1920w, https:\/\/rho-sigma.com\/wp-content\/uploads\/2025\/05\/RHO-SIGMA_CASCADIA_19-300x169.jpg 300w, https:\/\/rho-sigma.com\/wp-content\/uploads\/2025\/05\/RHO-SIGMA_CASCADIA_19-1024x576.jpg 1024w, https:\/\/rho-sigma.com\/wp-content\/uploads\/2025\/05\/RHO-SIGMA_CASCADIA_19-768x432.jpg 768w, https:\/\/rho-sigma.com\/wp-content\/uploads\/2025\/05\/RHO-SIGMA_CASCADIA_19-1536x864.jpg 1536w, https:\/\/rho-sigma.com\/wp-content\/uploads\/2025\/05\/RHO-SIGMA_CASCADIA_19-18x10.jpg 18w\" sizes=\"(max-width: 1920px) 100vw, 1920px\" \/>\t\t\t\t\t\t\t\t\t\t\t\t\t\t\t<\/div>\n\t\t\t\t<div class=\"elementor-element elementor-element-ceda539 elementor-widget elementor-widget-image\" data-id=\"ceda539\" data-element_type=\"widget\" data-e-type=\"widget\" data-widget_type=\"image.default\">\n\t\t\t\t\t\t\t\t\t\t\t\t\t\t\t<img loading=\"lazy\" decoding=\"async\" width=\"1920\" height=\"1080\" src=\"https:\/\/rho-sigma.com\/wp-content\/uploads\/2025\/05\/RHO-SIGMA_CASCADIA_20.jpg\" class=\"attachment-full size-full wp-image-1529\" alt=\"\" srcset=\"https:\/\/rho-sigma.com\/wp-content\/uploads\/2025\/05\/RHO-SIGMA_CASCADIA_20.jpg 1920w, https:\/\/rho-sigma.com\/wp-content\/uploads\/2025\/05\/RHO-SIGMA_CASCADIA_20-300x169.jpg 300w, https:\/\/rho-sigma.com\/wp-content\/uploads\/2025\/05\/RHO-SIGMA_CASCADIA_20-1024x576.jpg 1024w, https:\/\/rho-sigma.com\/wp-content\/uploads\/2025\/05\/RHO-SIGMA_CASCADIA_20-768x432.jpg 768w, https:\/\/rho-sigma.com\/wp-content\/uploads\/2025\/05\/RHO-SIGMA_CASCADIA_20-1536x864.jpg 1536w, https:\/\/rho-sigma.com\/wp-content\/uploads\/2025\/05\/RHO-SIGMA_CASCADIA_20-18x10.jpg 18w\" sizes=\"(max-width: 1920px) 100vw, 1920px\" \/>\t\t\t\t\t\t\t\t\t\t\t\t\t\t\t<\/div>\n\t\t\t\t<div class=\"elementor-element elementor-element-ea22975 elementor-align-center elementor-widget elementor-widget-button\" data-id=\"ea22975\" data-element_type=\"widget\" data-e-type=\"widget\" data-widget_type=\"button.default\">\n\t\t\t\t\t\t\t\t\t\t<a class=\"elementor-button elementor-button-link elementor-size-sm\" href=\"https:\/\/rho-sigma.com\/en_us\/portafolio\/\">\n\t\t\t\t\t\t<span class=\"elementor-button-content-wrapper\">\n\t\t\t\t\t\t\t\t\t<span class=\"elementor-button-text\">Back to Portfolio<\/span>\n\t\t\t\t\t<\/span>\n\t\t\t\t\t<\/a>\n\t\t\t\t\t\t\t\t<\/div>\n\t\t\t\t<\/div>\n\t\t<div class=\"elementor-element elementor-element-1fd681b e-flex e-con-boxed e-con e-parent\" data-id=\"1fd681b\" data-element_type=\"container\" data-e-type=\"container\">\n\t\t\t\t\t<div class=\"e-con-inner\">\n\t\t\t\t\t<\/div>\n\t\t\t\t<\/div>\n\t\t\t\t<\/div>","protected":false},"excerpt":{"rendered":"<p>Conoce nuestro proyecto en conjunto a Flatout Games y Alderac Entertainment Group, para el juego de mesa de Cascadia.<\/p>","protected":false},"author":5,"featured_media":1530,"parent":0,"menu_order":0,"comment_status":"closed","ping_status":"closed","template":"","meta":{"nf_dc_page":"","footnotes":""},"class_list":["post-1418","page","type-page","status-publish","has-post-thumbnail","hentry"],"_links":{"self":[{"href":"https:\/\/rho-sigma.com\/en_us\/wp-json\/wp\/v2\/pages\/1418","targetHints":{"allow":["GET"]}}],"collection":[{"href":"https:\/\/rho-sigma.com\/en_us\/wp-json\/wp\/v2\/pages"}],"about":[{"href":"https:\/\/rho-sigma.com\/en_us\/wp-json\/wp\/v2\/types\/page"}],"author":[{"embeddable":true,"href":"https:\/\/rho-sigma.com\/en_us\/wp-json\/wp\/v2\/users\/5"}],"replies":[{"embeddable":true,"href":"https:\/\/rho-sigma.com\/en_us\/wp-json\/wp\/v2\/comments?post=1418"}],"version-history":[{"count":41,"href":"https:\/\/rho-sigma.com\/en_us\/wp-json\/wp\/v2\/pages\/1418\/revisions"}],"predecessor-version":[{"id":1778,"href":"https:\/\/rho-sigma.com\/en_us\/wp-json\/wp\/v2\/pages\/1418\/revisions\/1778"}],"wp:featuredmedia":[{"embeddable":true,"href":"https:\/\/rho-sigma.com\/en_us\/wp-json\/wp\/v2\/media\/1530"}],"wp:attachment":[{"href":"https:\/\/rho-sigma.com\/en_us\/wp-json\/wp\/v2\/media?parent=1418"}],"curies":[{"name":"wp","href":"https:\/\/api.w.org\/{rel}","templated":true}]}}