{"id":944,"date":"2024-12-05T16:55:13","date_gmt":"2024-12-05T16:55:13","guid":{"rendered":"https:\/\/rho-sigma.com\/?page_id=944"},"modified":"2025-07-14T05:45:32","modified_gmt":"2025-07-14T05:45:32","slug":"home","status":"publish","type":"page","link":"https:\/\/rho-sigma.com\/en_us\/","title":{"rendered":"Home"},"content":{"rendered":"<div data-elementor-type=\"wp-page\" data-elementor-id=\"944\" class=\"elementor elementor-944\" data-elementor-post-type=\"page\">\n\t\t\t\t<div class=\"elementor-element elementor-element-124bc5a e-con-full elementor-hidden-mobile e-flex e-con e-parent\" data-id=\"124bc5a\" data-element_type=\"container\" data-e-type=\"container\" data-settings=\"{&quot;background_background&quot;:&quot;classic&quot;}\">\n\t\t\t\t<div class=\"elementor-element elementor-element-1937ff4 elementor-invisible elementor-widget elementor-widget-heading\" data-id=\"1937ff4\" data-element_type=\"widget\" data-e-type=\"widget\" data-settings=\"{&quot;_animation&quot;:&quot;fadeInUp&quot;}\" data-widget_type=\"heading.default\">\n\t\t\t\t\t<h2 class=\"elementor-heading-title elementor-size-default\">Dise\u00f1amos con Creatividad,<\/h2>\t\t\t\t<\/div>\n\t\t\t\t<div class=\"elementor-element elementor-element-3335ce6 elementor-invisible elementor-widget elementor-widget-heading\" data-id=\"3335ce6\" data-element_type=\"widget\" data-e-type=\"widget\" data-settings=\"{&quot;_animation&quot;:&quot;fadeInUp&quot;}\" data-widget_type=\"heading.default\">\n\t\t\t\t\t<h2 class=\"elementor-heading-title elementor-size-default\">Construimos con Estrategia<\/h2>\t\t\t\t<\/div>\n\t\t\t\t<\/div>\n\t\t<div class=\"elementor-element elementor-element-7d2e9a8 e-con-full elementor-hidden-desktop elementor-hidden-tablet e-flex e-con e-parent\" data-id=\"7d2e9a8\" data-element_type=\"container\" data-e-type=\"container\" data-settings=\"{&quot;background_background&quot;:&quot;classic&quot;}\">\n\t\t\t\t<div class=\"elementor-element elementor-element-8b50c0e elementor-invisible elementor-widget elementor-widget-heading\" data-id=\"8b50c0e\" data-element_type=\"widget\" data-e-type=\"widget\" data-settings=\"{&quot;_animation&quot;:&quot;fadeInUp&quot;}\" data-widget_type=\"heading.default\">\n\t\t\t\t\t<h2 class=\"elementor-heading-title elementor-size-default\">Dise\u00f1amos con Creatividad,<\/h2>\t\t\t\t<\/div>\n\t\t\t\t<div class=\"elementor-element elementor-element-bb80169 elementor-invisible elementor-widget elementor-widget-heading\" data-id=\"bb80169\" data-element_type=\"widget\" data-e-type=\"widget\" data-settings=\"{&quot;_animation&quot;:&quot;fadeInUp&quot;}\" data-widget_type=\"heading.default\">\n\t\t\t\t\t<h2 class=\"elementor-heading-title elementor-size-default\">Construimos con Estrategia<\/h2>\t\t\t\t<\/div>\n\t\t\t\t<\/div>\n\t\t<div class=\"elementor-element elementor-element-f18462f e-flex e-con-boxed e-con e-parent\" data-id=\"f18462f\" data-element_type=\"container\" data-e-type=\"container\" data-settings=\"{&quot;background_background&quot;:&quot;classic&quot;}\">\n\t\t\t\t\t<div class=\"e-con-inner\">\n\t\t\t\t<div class=\"elementor-element elementor-element-d7da2c5 elementor-widget elementor-widget-heading\" data-id=\"d7da2c5\" data-element_type=\"widget\" data-e-type=\"widget\" data-widget_type=\"heading.default\">\n\t\t\t\t\t<h2 class=\"elementor-heading-title elementor-size-default\">Nuestros Servicios<\/h2>\t\t\t\t<\/div>\n\t\t\t\t<div class=\"elementor-element elementor-element-aad0767 elementor-arrows-position-outside elementor-pagination-position-outside elementor-widget elementor-widget-image-carousel\" data-id=\"aad0767\" data-element_type=\"widget\" data-e-type=\"widget\" data-settings=\"{&quot;slides_to_show&quot;:&quot;3&quot;,&quot;_animation&quot;:&quot;none&quot;,&quot;navigation&quot;:&quot;both&quot;,&quot;autoplay&quot;:&quot;yes&quot;,&quot;pause_on_hover&quot;:&quot;yes&quot;,&quot;pause_on_interaction&quot;:&quot;yes&quot;,&quot;autoplay_speed&quot;:5000,&quot;infinite&quot;:&quot;yes&quot;,&quot;speed&quot;:500,&quot;image_spacing_custom&quot;:{&quot;unit&quot;:&quot;px&quot;,&quot;size&quot;:20,&quot;sizes&quot;:[]},&quot;image_spacing_custom_tablet&quot;:{&quot;unit&quot;:&quot;px&quot;,&quot;size&quot;:&quot;&quot;,&quot;sizes&quot;:[]},&quot;image_spacing_custom_mobile&quot;:{&quot;unit&quot;:&quot;px&quot;,&quot;size&quot;:&quot;&quot;,&quot;sizes&quot;:[]}}\" data-widget_type=\"image-carousel.default\">\n\t\t\t\t\t\t\t<div class=\"elementor-image-carousel-wrapper swiper\" role=\"region\" aria-roledescription=\"carousel\" aria-label=\"Image Carousel\" dir=\"ltr\">\n\t\t\t<div class=\"elementor-image-carousel swiper-wrapper swiper-image-stretch\" aria-live=\"off\">\n\t\t\t\t\t\t\t\t<div class=\"swiper-slide\" role=\"group\" aria-roledescription=\"slide\" aria-label=\"1 of 7\" data-no-translation-aria-label=\"\"><figure class=\"swiper-slide-inner\"><img decoding=\"async\" class=\"swiper-slide-image\" src=\"https:\/\/rho-sigma.com\/wp-content\/uploads\/2024\/12\/RS_WEB_285X355_FOTO-PRODUCTO-01-768x956.png\" alt=\"RS_WEB_285X355_FOTO PRODUCTO 01\" \/><\/figure><\/div><div class=\"swiper-slide\" role=\"group\" aria-roledescription=\"slide\" aria-label=\"2 of 7\" data-no-translation-aria-label=\"\"><figure class=\"swiper-slide-inner\"><img decoding=\"async\" class=\"swiper-slide-image\" src=\"https:\/\/rho-sigma.com\/wp-content\/uploads\/2024\/12\/RS_WEB_285X355_FOTO-PERSONAS-01-768x956.png\" alt=\"RS_WEB_285X355_FOTO PERSONAS 01\" \/><\/figure><\/div><div class=\"swiper-slide\" role=\"group\" aria-roledescription=\"slide\" aria-label=\"3 of 7\" data-no-translation-aria-label=\"\"><figure class=\"swiper-slide-inner\"><img decoding=\"async\" class=\"swiper-slide-image\" src=\"https:\/\/rho-sigma.com\/wp-content\/uploads\/2024\/12\/RS_WEB_285X355_ESTRATEGIA-01-768x956.png\" alt=\"RS_WEB_285X355_ESTRATEGIA 01\" \/><\/figure><\/div><div class=\"swiper-slide\" role=\"group\" aria-roledescription=\"slide\" aria-label=\"4 of 7\" data-no-translation-aria-label=\"\"><figure class=\"swiper-slide-inner\"><img decoding=\"async\" class=\"swiper-slide-image\" src=\"https:\/\/rho-sigma.com\/wp-content\/uploads\/2024\/12\/RS_WEB_285X355_COMMUNITY-01-768x956.png\" alt=\"RS_WEB_285X355_COMMUNITY 01\" \/><\/figure><\/div><div class=\"swiper-slide\" role=\"group\" aria-roledescription=\"slide\" aria-label=\"5 of 7\" data-no-translation-aria-label=\"\"><figure class=\"swiper-slide-inner\"><img decoding=\"async\" class=\"swiper-slide-image\" src=\"https:\/\/rho-sigma.com\/wp-content\/uploads\/2024\/12\/RS_WEB_285X355_DISENO-01-768x956.png\" alt=\"RS_WEB_285X355_DISE\u00d1O 01\" \/><\/figure><\/div><div class=\"swiper-slide\" role=\"group\" aria-roledescription=\"slide\" aria-label=\"6 of 7\" data-no-translation-aria-label=\"\"><figure class=\"swiper-slide-inner\"><img decoding=\"async\" class=\"swiper-slide-image\" src=\"https:\/\/rho-sigma.com\/wp-content\/uploads\/2024\/12\/RS_WEB_285X355_ANUNCIOS-01-768x956.png\" alt=\"RS_WEB_285X355_ANUNCIOS 01\" \/><\/figure><\/div><div class=\"swiper-slide\" role=\"group\" aria-roledescription=\"slide\" aria-label=\"7 of 7\" data-no-translation-aria-label=\"\"><figure class=\"swiper-slide-inner\"><img decoding=\"async\" class=\"swiper-slide-image\" src=\"https:\/\/rho-sigma.com\/wp-content\/uploads\/2024\/12\/RS_WEB_285X355_EMAIL-01-768x956.png\" alt=\"RS_WEB_285X355_EMAIL 01\" \/><\/figure><\/div>\t\t\t<\/div>\n\t\t\t\t\t\t\t\t\t\t\t\t<div class=\"elementor-swiper-button elementor-swiper-button-prev\" role=\"button\" tabindex=\"0\">\n\t\t\t\t\t\t<i aria-hidden=\"true\" class=\"eicon-chevron-left\"><\/i>\t\t\t\t\t<\/div>\n\t\t\t\t\t<div class=\"elementor-swiper-button elementor-swiper-button-next\" role=\"button\" tabindex=\"0\">\n\t\t\t\t\t\t<i aria-hidden=\"true\" class=\"eicon-chevron-right\"><\/i>\t\t\t\t\t<\/div>\n\t\t\t\t\n\t\t\t\t\t\t\t\t\t<div class=\"swiper-pagination\"><\/div>\n\t\t\t\t\t\t\t\t\t<\/div>\n\t\t\t\t\t\t<\/div>\n\t\t\t\t\t<\/div>\n\t\t\t\t<\/div>\n\t\t<div class=\"elementor-element elementor-element-4103f47 e-flex e-con-boxed e-con e-parent\" data-id=\"4103f47\" data-element_type=\"container\" data-e-type=\"container\">\n\t\t\t\t\t<div class=\"e-con-inner\">\n\t\t\t\t<div class=\"elementor-element elementor-element-08bf961 elementor-widget elementor-widget-heading\" data-id=\"08bf961\" data-element_type=\"widget\" data-e-type=\"widget\" data-widget_type=\"heading.default\">\n\t\t\t\t\t<h3 class=\"elementor-heading-title elementor-size-default\">portafolio<\/h3>\t\t\t\t<\/div>\n\t\t\t\t\t<\/div>\n\t\t\t\t<\/div>\n\t\t<div class=\"elementor-element elementor-element-7e6f9c4 e-flex e-con-boxed e-con e-parent\" data-id=\"7e6f9c4\" data-element_type=\"container\" data-e-type=\"container\">\n\t\t\t\t\t<div class=\"e-con-inner\">\n\t\t<div class=\"elementor-element elementor-element-0aea408 e-con-full e-flex e-con e-child\" data-id=\"0aea408\" data-element_type=\"container\" data-e-type=\"container\">\n\t\t\t\t<div class=\"elementor-element elementor-element-5e53dfb elementor-widget elementor-widget-image\" data-id=\"5e53dfb\" data-element_type=\"widget\" data-e-type=\"widget\" data-widget_type=\"image.default\">\n\t\t\t\t\t\t\t\t\t\t\t\t\t\t\t<img fetchpriority=\"high\" decoding=\"async\" width=\"800\" height=\"800\" src=\"https:\/\/rho-sigma.com\/wp-content\/uploads\/2024\/12\/RHO-SIGMA_POST_04_03-1024x1024.png\" class=\"attachment-large size-large wp-image-1034\" alt=\"\" srcset=\"https:\/\/rho-sigma.com\/wp-content\/uploads\/2024\/12\/RHO-SIGMA_POST_04_03-1024x1024.png 1024w, https:\/\/rho-sigma.com\/wp-content\/uploads\/2024\/12\/RHO-SIGMA_POST_04_03-300x300.png 300w, https:\/\/rho-sigma.com\/wp-content\/uploads\/2024\/12\/RHO-SIGMA_POST_04_03-150x150.png 150w, https:\/\/rho-sigma.com\/wp-content\/uploads\/2024\/12\/RHO-SIGMA_POST_04_03-768x768.png 768w, https:\/\/rho-sigma.com\/wp-content\/uploads\/2024\/12\/RHO-SIGMA_POST_04_03-12x12.png 12w, https:\/\/rho-sigma.com\/wp-content\/uploads\/2024\/12\/RHO-SIGMA_POST_04_03.png 1080w\" sizes=\"(max-width: 800px) 100vw, 800px\" \/>\t\t\t\t\t\t\t\t\t\t\t\t\t\t\t<\/div>\n\t\t\t\t<div class=\"elementor-element elementor-element-5b4baa3 elementor-widget elementor-widget-image\" data-id=\"5b4baa3\" data-element_type=\"widget\" data-e-type=\"widget\" data-widget_type=\"image.default\">\n\t\t\t\t\t\t\t\t\t\t\t\t\t\t\t<img decoding=\"async\" width=\"800\" height=\"419\" src=\"https:\/\/rho-sigma.com\/wp-content\/uploads\/2025\/05\/RHO-SIGMA_1200X628_PORTINICIO_02-1024x536.jpg\" class=\"attachment-large size-large wp-image-1439\" alt=\"\" srcset=\"https:\/\/rho-sigma.com\/wp-content\/uploads\/2025\/05\/RHO-SIGMA_1200X628_PORTINICIO_02-1024x536.jpg 1024w, https:\/\/rho-sigma.com\/wp-content\/uploads\/2025\/05\/RHO-SIGMA_1200X628_PORTINICIO_02-300x157.jpg 300w, https:\/\/rho-sigma.com\/wp-content\/uploads\/2025\/05\/RHO-SIGMA_1200X628_PORTINICIO_02-768x402.jpg 768w, https:\/\/rho-sigma.com\/wp-content\/uploads\/2025\/05\/RHO-SIGMA_1200X628_PORTINICIO_02-18x9.jpg 18w, https:\/\/rho-sigma.com\/wp-content\/uploads\/2025\/05\/RHO-SIGMA_1200X628_PORTINICIO_02.jpg 1200w\" sizes=\"(max-width: 800px) 100vw, 800px\" \/>\t\t\t\t\t\t\t\t\t\t\t\t\t\t\t<\/div>\n\t\t\t\t<\/div>\n\t\t<div class=\"elementor-element elementor-element-d686874 e-con-full e-flex e-con e-child\" data-id=\"d686874\" data-element_type=\"container\" data-e-type=\"container\">\n\t\t<div class=\"elementor-element elementor-element-3d5d49c e-con-full e-flex e-con e-child\" data-id=\"3d5d49c\" data-element_type=\"container\" data-e-type=\"container\">\n\t\t\t\t<div class=\"elementor-element elementor-element-4020a14 elementor-widget elementor-widget-image\" data-id=\"4020a14\" data-element_type=\"widget\" data-e-type=\"widget\" data-widget_type=\"image.default\">\n\t\t\t\t\t\t\t\t\t\t\t\t\t\t\t<img decoding=\"async\" width=\"720\" height=\"720\" src=\"https:\/\/rho-sigma.com\/wp-content\/uploads\/2024\/12\/5-3.jpg\" class=\"attachment-large size-large wp-image-1266\" alt=\"\" srcset=\"https:\/\/rho-sigma.com\/wp-content\/uploads\/2024\/12\/5-3.jpg 720w, https:\/\/rho-sigma.com\/wp-content\/uploads\/2024\/12\/5-3-300x300.jpg 300w, https:\/\/rho-sigma.com\/wp-content\/uploads\/2024\/12\/5-3-150x150.jpg 150w, https:\/\/rho-sigma.com\/wp-content\/uploads\/2024\/12\/5-3-12x12.jpg 12w\" sizes=\"(max-width: 720px) 100vw, 720px\" \/>\t\t\t\t\t\t\t\t\t\t\t\t\t\t\t<\/div>\n\t\t\t\t<\/div>\n\t\t\t\t<div class=\"elementor-element elementor-element-50b040c elementor-widget elementor-widget-image\" data-id=\"50b040c\" data-element_type=\"widget\" data-e-type=\"widget\" data-widget_type=\"image.default\">\n\t\t\t\t\t\t\t\t\t\t\t\t\t\t\t<img loading=\"lazy\" decoding=\"async\" width=\"800\" height=\"464\" src=\"https:\/\/rho-sigma.com\/wp-content\/uploads\/2024\/12\/RHO-SIGMA_CF-PORTADA-1024x594.png\" class=\"attachment-large size-large wp-image-1269\" alt=\"\" srcset=\"https:\/\/rho-sigma.com\/wp-content\/uploads\/2024\/12\/RHO-SIGMA_CF-PORTADA-1024x594.png 1024w, https:\/\/rho-sigma.com\/wp-content\/uploads\/2024\/12\/RHO-SIGMA_CF-PORTADA-300x174.png 300w, https:\/\/rho-sigma.com\/wp-content\/uploads\/2024\/12\/RHO-SIGMA_CF-PORTADA-768x445.png 768w, https:\/\/rho-sigma.com\/wp-content\/uploads\/2024\/12\/RHO-SIGMA_CF-PORTADA-18x10.png 18w, https:\/\/rho-sigma.com\/wp-content\/uploads\/2024\/12\/RHO-SIGMA_CF-PORTADA.png 1080w\" sizes=\"(max-width: 800px) 100vw, 800px\" \/>\t\t\t\t\t\t\t\t\t\t\t\t\t\t\t<\/div>\n\t\t\t\t<\/div>\n\t\t<div class=\"elementor-element elementor-element-b9bc0aa e-con-full e-flex e-con e-child\" data-id=\"b9bc0aa\" data-element_type=\"container\" data-e-type=\"container\">\n\t\t\t\t<div class=\"elementor-element elementor-element-0a0828a elementor-widget elementor-widget-video\" data-id=\"0a0828a\" data-element_type=\"widget\" data-e-type=\"widget\" data-settings=\"{&quot;video_type&quot;:&quot;hosted&quot;,&quot;controls&quot;:&quot;yes&quot;}\" data-widget_type=\"video.default\">\n\t\t\t\t\t\t\t<div class=\"e-hosted-video elementor-wrapper elementor-open-inline\">\n\t\t\t\t\t<video class=\"elementor-video\" src=\"https:\/\/rho-sigma.com\/wp-content\/uploads\/2024\/12\/RHO-SIGMA_POST_06.mp4\" controls=\"\" preload=\"metadata\" controlslist=\"nodownload\"><\/video>\n\t\t\t\t<\/div>\n\t\t\t\t\t\t<\/div>\n\t\t\t\t<\/div>\n\t\t\t\t\t<\/div>\n\t\t\t\t<\/div>\n\t\t<div class=\"elementor-element elementor-element-72219c7 e-flex e-con-boxed e-con e-parent\" data-id=\"72219c7\" data-element_type=\"container\" data-e-type=\"container\">\n\t\t\t\t\t<div class=\"e-con-inner\">\n\t\t\t\t<div class=\"elementor-element elementor-element-4fd0bf6 elementor-align-center elementor-widget elementor-widget-button\" data-id=\"4fd0bf6\" data-element_type=\"widget\" data-e-type=\"widget\" data-widget_type=\"button.default\">\n\t\t\t\t\t\t\t\t\t\t<a class=\"elementor-button elementor-button-link elementor-size-sm\" href=\"https:\/\/rho-sigma.com\/en_us\/portafolio\/\">\n\t\t\t\t\t\t<span class=\"elementor-button-content-wrapper\">\n\t\t\t\t\t\t\t\t\t<span class=\"elementor-button-text\">ver mas<\/span>\n\t\t\t\t\t<\/span>\n\t\t\t\t\t<\/a>\n\t\t\t\t\t\t\t\t<\/div>\n\t\t\t\t\t<\/div>\n\t\t\t\t<\/div>\n\t\t<div class=\"elementor-element elementor-element-2d6fd4c e-flex e-con-boxed e-con e-parent\" data-id=\"2d6fd4c\" data-element_type=\"container\" data-e-type=\"container\" data-settings=\"{&quot;background_background&quot;:&quot;classic&quot;}\">\n\t\t\t\t\t<div class=\"e-con-inner\">\n\t\t\t\t<div class=\"elementor-element elementor-element-fd349c6 elementor-widget elementor-widget-heading\" data-id=\"fd349c6\" data-element_type=\"widget\" data-e-type=\"widget\" data-widget_type=\"heading.default\">\n\t\t\t\t\t<h3 class=\"elementor-heading-title elementor-size-default\">Nuestros Clientes<\/h3>\t\t\t\t<\/div>\n\t\t\t\t<div class=\"elementor-element elementor-element-65a1ea4 elementor-widget__width-initial elementor-widget elementor-widget-text-editor\" data-id=\"65a1ea4\" data-element_type=\"widget\" data-e-type=\"widget\" data-widget_type=\"text-editor.default\">\n\t\t\t\t\t\t\t\t\t<p>Conoce a las compa\u00f1\u00edas que han decidido unirse a crear proyectos fant\u00e1sticos con nosotros.<\/p>\t\t\t\t\t\t\t\t<\/div>\n\t\t\t\t<div class=\"elementor-element elementor-element-6a8c3ac elementor-arrows-position-outside elementor-pagination-position-outside elementor-widget elementor-widget-image-carousel\" data-id=\"6a8c3ac\" data-element_type=\"widget\" data-e-type=\"widget\" data-settings=\"{&quot;slides_to_show&quot;:&quot;5&quot;,&quot;autoplay_speed&quot;:1000,&quot;navigation&quot;:&quot;both&quot;,&quot;autoplay&quot;:&quot;yes&quot;,&quot;pause_on_hover&quot;:&quot;yes&quot;,&quot;pause_on_interaction&quot;:&quot;yes&quot;,&quot;infinite&quot;:&quot;yes&quot;,&quot;speed&quot;:500}\" data-widget_type=\"image-carousel.default\">\n\t\t\t\t\t\t\t<div class=\"elementor-image-carousel-wrapper swiper\" role=\"region\" aria-roledescription=\"carousel\" aria-label=\"Image Carousel\" dir=\"ltr\">\n\t\t\t<div class=\"elementor-image-carousel swiper-wrapper\" aria-live=\"off\">\n\t\t\t\t\t\t\t\t<div class=\"swiper-slide\" role=\"group\" aria-roledescription=\"slide\" aria-label=\"1 of 12\" data-no-translation-aria-label=\"\"><figure class=\"swiper-slide-inner\"><img decoding=\"async\" class=\"swiper-slide-image\" src=\"https:\/\/rho-sigma.com\/wp-content\/uploads\/2024\/12\/RHO-SIGMA_300X300_AEG.png\" alt=\"RHO SIGMA_300X300_AEG\" \/><\/figure><\/div><div class=\"swiper-slide\" role=\"group\" aria-roledescription=\"slide\" aria-label=\"2 of 12\" data-no-translation-aria-label=\"\"><figure class=\"swiper-slide-inner\"><img decoding=\"async\" class=\"swiper-slide-image\" src=\"https:\/\/rho-sigma.com\/wp-content\/uploads\/2024\/12\/RHO-SIGMA_300X300_BAYER.png\" alt=\"RHO SIGMA_300X300_BAYER\" \/><\/figure><\/div><div class=\"swiper-slide\" role=\"group\" aria-roledescription=\"slide\" aria-label=\"3 of 12\" data-no-translation-aria-label=\"\"><figure class=\"swiper-slide-inner\"><img decoding=\"async\" class=\"swiper-slide-image\" src=\"https:\/\/rho-sigma.com\/wp-content\/uploads\/2024\/12\/RHO-SIGMA_450X300_LICORERA.png\" alt=\"RHO SIGMA_450X300_LICORERA\" \/><\/figure><\/div><div class=\"swiper-slide\" role=\"group\" aria-roledescription=\"slide\" aria-label=\"4 of 12\" data-no-translation-aria-label=\"\"><figure class=\"swiper-slide-inner\"><img decoding=\"async\" class=\"swiper-slide-image\" src=\"https:\/\/rho-sigma.com\/wp-content\/uploads\/2024\/12\/RHO-SIGMA_400X300_COLOR-FLEX.png\" alt=\"RHO SIGMA_400X300_COLOR FLEX\" \/><\/figure><\/div><div class=\"swiper-slide\" role=\"group\" aria-roledescription=\"slide\" aria-label=\"5 of 12\" data-no-translation-aria-label=\"\"><figure class=\"swiper-slide-inner\"><img decoding=\"async\" class=\"swiper-slide-image\" src=\"https:\/\/rho-sigma.com\/wp-content\/uploads\/2024\/12\/RHO-SIGMA_300X300_MUN.png\" alt=\"RHO SIGMA_300X300_MUN\" \/><\/figure><\/div><div class=\"swiper-slide\" role=\"group\" aria-roledescription=\"slide\" aria-label=\"6 of 12\" data-no-translation-aria-label=\"\"><figure class=\"swiper-slide-inner\"><img decoding=\"async\" class=\"swiper-slide-image\" src=\"https:\/\/rho-sigma.com\/wp-content\/uploads\/2024\/12\/RHO-SIGMA_300X300_OP.png\" alt=\"RHO SIGMA_300X300_OP\" \/><\/figure><\/div><div class=\"swiper-slide\" role=\"group\" aria-roledescription=\"slide\" aria-label=\"7 of 12\" data-no-translation-aria-label=\"\"><figure class=\"swiper-slide-inner\"><img decoding=\"async\" class=\"swiper-slide-image\" src=\"https:\/\/rho-sigma.com\/wp-content\/uploads\/2024\/12\/RHO-SIGMA_400X300_INSIDE-UP.png\" alt=\"RHO SIGMA_400X300_INSIDE UP\" \/><\/figure><\/div><div class=\"swiper-slide\" role=\"group\" aria-roledescription=\"slide\" aria-label=\"8 of 12\" data-no-translation-aria-label=\"\"><figure class=\"swiper-slide-inner\"><img decoding=\"async\" class=\"swiper-slide-image\" src=\"https:\/\/rho-sigma.com\/wp-content\/uploads\/2024\/12\/RHO-SIGMA_400X300_NACIONES-UNIDAS.png\" alt=\"RHO SIGMA_400X300_NACIONES UNIDAS\" \/><\/figure><\/div><div class=\"swiper-slide\" role=\"group\" aria-roledescription=\"slide\" aria-label=\"9 of 12\" data-no-translation-aria-label=\"\"><figure class=\"swiper-slide-inner\"><img decoding=\"async\" class=\"swiper-slide-image\" src=\"https:\/\/rho-sigma.com\/wp-content\/uploads\/2024\/12\/RHO-SIGMA_300X300_RED-BULL.png\" alt=\"RHO SIGMA_300X300_RED BULL\" \/><\/figure><\/div><div class=\"swiper-slide\" role=\"group\" aria-roledescription=\"slide\" aria-label=\"10 of 12\" data-no-translation-aria-label=\"\"><figure class=\"swiper-slide-inner\"><img decoding=\"async\" class=\"swiper-slide-image\" src=\"https:\/\/rho-sigma.com\/wp-content\/uploads\/2024\/12\/RHO-SIGMA_300X300_ARCANE.png\" alt=\"RHO SIGMA_300X300_ARCANE\" \/><\/figure><\/div><div class=\"swiper-slide\" role=\"group\" aria-roledescription=\"slide\" aria-label=\"11 of 12\" data-no-translation-aria-label=\"\"><figure class=\"swiper-slide-inner\"><img decoding=\"async\" class=\"swiper-slide-image\" src=\"https:\/\/rho-sigma.com\/wp-content\/uploads\/2024\/12\/RHO-SIGMA_300X300_ALLEY-CAT.png\" alt=\"RHO SIGMA_300X300_ALLEY CAT\" \/><\/figure><\/div><div class=\"swiper-slide\" role=\"group\" aria-roledescription=\"slide\" aria-label=\"12 of 12\" data-no-translation-aria-label=\"\"><figure class=\"swiper-slide-inner\"><img decoding=\"async\" class=\"swiper-slide-image\" src=\"https:\/\/rho-sigma.com\/wp-content\/uploads\/2024\/12\/RHO-SIGMA_300X300_FLOODGATE.png\" alt=\"RHO SIGMA_300X300_FLOODGATE\" \/><\/figure><\/div>\t\t\t<\/div>\n\t\t\t\t\t\t\t\t\t\t\t\t<div class=\"elementor-swiper-button elementor-swiper-button-prev\" role=\"button\" tabindex=\"0\">\n\t\t\t\t\t\t<i aria-hidden=\"true\" class=\"eicon-chevron-left\"><\/i>\t\t\t\t\t<\/div>\n\t\t\t\t\t<div class=\"elementor-swiper-button elementor-swiper-button-next\" role=\"button\" tabindex=\"0\">\n\t\t\t\t\t\t<i aria-hidden=\"true\" class=\"eicon-chevron-right\"><\/i>\t\t\t\t\t<\/div>\n\t\t\t\t\n\t\t\t\t\t\t\t\t\t<div class=\"swiper-pagination\"><\/div>\n\t\t\t\t\t\t\t\t\t<\/div>\n\t\t\t\t\t\t<\/div>\n\t\t\t\t\t<\/div>\n\t\t\t\t<\/div>\n\t\t\t\t<\/div>","protected":false},"excerpt":{"rendered":"<p>En Rho Sigma llevamos tus ideas al pr\u00f3ximo nivel.<\/p>","protected":false},"author":5,"featured_media":941,"parent":0,"menu_order":0,"comment_status":"closed","ping_status":"closed","template":"","meta":{"nf_dc_page":"","footnotes":""},"class_list":["post-944","page","type-page","status-publish","has-post-thumbnail","hentry"],"_links":{"self":[{"href":"https:\/\/rho-sigma.com\/en_us\/wp-json\/wp\/v2\/pages\/944","targetHints":{"allow":["GET"]}}],"collection":[{"href":"https:\/\/rho-sigma.com\/en_us\/wp-json\/wp\/v2\/pages"}],"about":[{"href":"https:\/\/rho-sigma.com\/en_us\/wp-json\/wp\/v2\/types\/page"}],"author":[{"embeddable":true,"href":"https:\/\/rho-sigma.com\/en_us\/wp-json\/wp\/v2\/users\/5"}],"replies":[{"embeddable":true,"href":"https:\/\/rho-sigma.com\/en_us\/wp-json\/wp\/v2\/comments?post=944"}],"version-history":[{"count":68,"href":"https:\/\/rho-sigma.com\/en_us\/wp-json\/wp\/v2\/pages\/944\/revisions"}],"predecessor-version":[{"id":1723,"href":"https:\/\/rho-sigma.com\/en_us\/wp-json\/wp\/v2\/pages\/944\/revisions\/1723"}],"wp:featuredmedia":[{"embeddable":true,"href":"https:\/\/rho-sigma.com\/en_us\/wp-json\/wp\/v2\/media\/941"}],"wp:attachment":[{"href":"https:\/\/rho-sigma.com\/en_us\/wp-json\/wp\/v2\/media?parent=944"}],"curies":[{"name":"wp","href":"https:\/\/api.w.org\/{rel}","templated":true}]}}